{"id":8543,"date":"2025-10-12T12:03:38","date_gmt":"2025-10-12T09:03:38","guid":{"rendered":"https:\/\/isensesolutions.com\/declaratie-de-accesibilitate\/"},"modified":"2025-11-02T10:22:40","modified_gmt":"2025-11-02T08:22:40","slug":"declaratie-de-accesibilitate","status":"publish","type":"page","link":"https:\/\/isensesolutions.com\/ro\/declaratie-de-accesibilitate\/","title":{"rendered":"Declara\u021bie de accesibilitate"},"content":{"rendered":"<div class=\"wpb-content-wrapper\"><p>[vc_section][vc_row][vc_column]<div class=\"wpb_content_element \"><style type=\"text\/css\">#ut_header_69e4e8b7f158c h1.page-title { font-size:80px !important;line-height:88px !important;letter-spacing:-0.05em; }<\/style><header id=\"ut_header_69e4e8b7f158c\" class=\"page-header page-title-module  ut-no-title-linebreak-mobile ut-no-lead-linebreak-mobile pt-style-2 header-center header-tablet-center header-mobile-center element-with-custom-line-height\"><div class=\"element-with-custom-line-height\" ><h1 data-title=\"Declara\u021bie de accesibilitate\"  data-responsive-font=\"page_title\" data-responsive-font-settings=\"{&quot;base-font-size&quot;:&quot;global&quot;,&quot;font-size&quot;:{&quot;desktop_large&quot;:&quot;80&quot;},&quot;base-line-height&quot;:&quot;global&quot;,&quot;line-height&quot;:{&quot;desktop_large&quot;:&quot;88&quot;},&quot;base-letter-spacing&quot;:&quot;global&quot;,&quot;letter-spacing&quot;:{&quot;desktop_large&quot;:&quot;-0.05&quot;}}\" class=\"page-title  \"><span>Declara\u021bie de accesibilitate<\/span><\/h1><\/div><\/header><\/div>[vc_row_inner][vc_column_inner][vc_column_text]<\/p>\n<p class=\"my-2 [&amp;+p]:mt-4 [&amp;_strong:has(+br)]:inline-block [&amp;_strong:has(+br)]:pb-2\">Aceast\u0103 declara\u021bie se aplic\u0103 con\u021binutului publicat pe <a class=\"reset interactable cursor-pointer decoration-1 underline-offset-1 text-super hover:underline font-semibold\" href=\"https:\/\/isensesolutions.com\/ro\/\" target=\"_blank\" rel=\"nofollow noopener\"><span class=\"text-box-trim-both\">https:\/\/isensesolutions.com<\/span><\/a>. Aceasta nu se aplic\u0103 altor site-uri web sau subdomenii, care au propriile declara\u021bii de accesibilitate.<\/p>\n<p class=\"my-2 [&amp;+p]:mt-4 [&amp;_strong:has(+br)]:inline-block [&amp;_strong:has(+br)]:pb-2\"><a class=\"reset interactable cursor-pointer decoration-1 underline-offset-1 text-super hover:underline font-semibold\" href=\"https:\/\/isensesolutions.com\/ro\/\" target=\"_blank\" rel=\"nofollow noopener\"><span class=\"text-box-trim-both\">isensesolutions.com<\/span><\/a> este administrat de <strong>iSense Solutions S.R.L.<\/strong> \u0219i este conceput pentru a fi utilizat de c\u00e2t mai multe persoane, inclusiv cele cu dizabilit\u0103\u021bi. Credem cu t\u0103rie c\u0103 Internetul ar trebui s\u0103 fie accesibil tuturor, indiferent de circumstan\u021be sau abilit\u0103\u021bi.<\/p>\n<p class=\"my-2 [&amp;+p]:mt-4 [&amp;_strong:has(+br)]:inline-block [&amp;_strong:has(+br)]:pb-2\">Ne-am angajat s\u0103 facem ca site-ul nostru web s\u0103 respecte <strong>Actul european privind accesibilitatea<\/strong> \u0219i <strong>Orient\u0103rile privind accesibilitatea con\u021binutului web (WCAG) 2.1 Nivelul AA<\/strong>, astfel cum sunt definite \u00een <strong>EN 301 549 v3.2.1<\/strong>. Conformitatea cu aceste standarde asigur\u0103 accesibilitatea pentru utilizatorii cu dizabilit\u0103\u021bi vizuale, auditive, motorii \u0219i cognitive.<\/p>\n<h2 class=\"mb-2 mt-4 font-display font-semimedium text-base first:mt-0\">Caracteristici de accesibilitate<\/h2>\n<p class=\"my-2 [&amp;+p]:mt-4 [&amp;_strong:has(+br)]:inline-block [&amp;_strong:has(+br)]:pb-2\">Site-ul nostru integreaz\u0103 o serie de caracteristici \u0219i tehnologii pentru a \u00eembun\u0103t\u0103\u021bi accesibilitatea \u0219i u\u0219urin\u021ba \u00een utilizare:<\/p>\n<ul class=\"marker:text-quiet list-disc\">\n<li class=\"py-0 my-0 prose-p:pt-0 prose-p:mb-2 prose-p:my-0 [&amp;&gt;p]:pt-0 [&amp;&gt;p]:mb-2 [&amp;&gt;p]:my-0\">\n<p class=\"my-2 [&amp;+p]:mt-4 [&amp;_strong:has(+br)]:inline-block [&amp;_strong:has(+br)]:pb-2\">Zoom p\u00e2n\u0103 la 200% f\u0103r\u0103 pierderea func\u021bionalit\u0103\u021bii sau a lizibilit\u0103\u021bii.<\/p>\n<\/li>\n<li class=\"py-0 my-0 prose-p:pt-0 prose-p:mb-2 prose-p:my-0 [&amp;&gt;p]:pt-0 [&amp;&gt;p]:mb-2 [&amp;&gt;p]:my-0\">\n<p class=\"my-2 [&amp;+p]:mt-4 [&amp;_strong:has(+br)]:inline-block [&amp;_strong:has(+br)]:pb-2\">Navigarea \u00een majoritatea con\u021binutului folosind doar o tastatur\u0103.<\/p>\n<\/li>\n<li class=\"py-0 my-0 prose-p:pt-0 prose-p:mb-2 prose-p:my-0 [&amp;&gt;p]:pt-0 [&amp;&gt;p]:mb-2 [&amp;&gt;p]:my-0\">\n<p class=\"my-2 [&amp;+p]:mt-4 [&amp;_strong:has(+br)]:inline-block [&amp;_strong:has(+br)]:pb-2\">Compatibilitate cu cititoarele de ecran moderne \u0219i software-ul de recunoa\u0219tere a vorbirii (inclusiv NVDA, JAWS, VoiceOver \u0219i TalkBack).<\/p>\n<\/li>\n<li class=\"py-0 my-0 prose-p:pt-0 prose-p:mb-2 prose-p:my-0 [&amp;&gt;p]:pt-0 [&amp;&gt;p]:mb-2 [&amp;&gt;p]:my-0\">\n<p class=\"my-2 [&amp;+p]:mt-4 [&amp;_strong:has(+br)]:inline-block [&amp;_strong:has(+br)]:pb-2\">Optimizarea automatizat\u0103 a accesibilit\u0103\u021bii printr-un proces bazat pe inteligen\u021b\u0103 artificial\u0103 care scaneaz\u0103 \u0219i ajusteaz\u0103 atributele HTML \u0219i ARIA ale site-ului pentru o conformitate continu\u0103.<\/p>\n<\/li>\n<li class=\"py-0 my-0 prose-p:pt-0 prose-p:mb-2 prose-p:my-0 [&amp;&gt;p]:pt-0 [&amp;&gt;p]:mb-2 [&amp;&gt;p]:my-0\">\n<p class=\"my-2 [&amp;+p]:mt-4 [&amp;_strong:has(+br)]:inline-block [&amp;_strong:has(+br)]:pb-2\">Profile de accesibilitate op\u021bionale \u0219i set\u0103ri de interfa\u021b\u0103 personalizate, care permit utilizatorilor s\u0103 personalizeze aspectele vizuale \u0219i func\u021bionale ale site-ului.<\/p>\n<\/li>\n<li class=\"py-0 my-0 prose-p:pt-0 prose-p:mb-2 prose-p:my-0 [&amp;&gt;p]:pt-0 [&amp;&gt;p]:mb-2 [&amp;&gt;p]:my-0\">\n<p class=\"my-2 [&amp;+p]:mt-4 [&amp;_strong:has(+br)]:inline-block [&amp;_strong:has(+br)]:pb-2\"><strong>Verific\u0103ri regulate ale accesibilit\u0103\u021bii web utiliz\u00e2nd <a class=\"reset interactable cursor-pointer decoration-1 underline-offset-1 text-super hover:underline font-semibold\" href=\"https:\/\/tabnav.com\/accessibility-checker\" target=\"_blank\" rel=\"nofollow noopener\"><span class=\"text-box-trim-both\">Website Accessibility Checker<\/span><\/a> pentru a asigura conformitatea continu\u0103 cu standardele de accesibilitate.<\/strong><\/p>\n<\/li>\n<\/ul>\n<hr class=\"bg-subtle h-px border-0\" \/>\n<h2 class=\"mb-2 mt-4 font-display font-semimedium text-base first:mt-0\">Reader de ecran \u0219i optimizarea tastaturii<\/h2>\n<p class=\"my-2 [&amp;+p]:mt-4 [&amp;_strong:has(+br)]:inline-block [&amp;_strong:has(+br)]:pb-2\">Site-ul include etichete ARIA \u0219i alte atribute semantice pentru a face con\u021binutul lizibil \u0219i navigabil pentru cititoarele de ecran. Proceseaz\u0103 automat \u00een fundal:<\/p>\n<ul class=\"marker:text-quiet list-disc\">\n<li class=\"py-0 my-0 prose-p:pt-0 prose-p:mb-2 prose-p:my-0 [&amp;&gt;p]:pt-0 [&amp;&gt;p]:mb-2 [&amp;&gt;p]:my-0\">\n<p class=\"my-2 [&amp;+p]:mt-4 [&amp;_strong:has(+br)]:inline-block [&amp;_strong:has(+br)]:pb-2\">Furniza\u021bi etichete precise pentru formulare \u0219i roluri pentru butoane.<\/p>\n<\/li>\n<li class=\"py-0 my-0 prose-p:pt-0 prose-p:mb-2 prose-p:my-0 [&amp;&gt;p]:pt-0 [&amp;&gt;p]:mb-2 [&amp;&gt;p]:my-0\">\n<p class=\"my-2 [&amp;+p]:mt-4 [&amp;_strong:has(+br)]:inline-block [&amp;_strong:has(+br)]:pb-2\">Generarea sau \u00eembun\u0103t\u0103\u021birea textului alternativ semnificativ pentru imagini utiliz\u00e2nd tehnologii de recunoa\u0219tere a imaginilor \u0219i OCR.<\/p>\n<\/li>\n<li class=\"py-0 my-0 prose-p:pt-0 prose-p:mb-2 prose-p:my-0 [&amp;&gt;p]:pt-0 [&amp;&gt;p]:mb-2 [&amp;&gt;p]:my-0\">\n<p class=\"my-2 [&amp;+p]:mt-4 [&amp;_strong:has(+br)]:inline-block [&amp;_strong:has(+br)]:pb-2\">Asigura\u021bi-v\u0103 c\u0103 con\u021binutul dinamic, cum ar fi pop-up-urile sau dropdown-urile, r\u0103m\u00e2ne accesibil.<\/p>\n<\/li>\n<li class=\"py-0 my-0 prose-p:pt-0 prose-p:mb-2 prose-p:my-0 [&amp;&gt;p]:pt-0 [&amp;&gt;p]:mb-2 [&amp;&gt;p]:my-0\">\n<p class=\"my-2 [&amp;+p]:mt-4 [&amp;_strong:has(+br)]:inline-block [&amp;_strong:has(+br)]:pb-2\">Oferi\u021bi comenzi rapide de la tastatur\u0103 (de exemplu, Tab, Shift+Tab, Enter, Esc) pentru a simplifica navigarea \u0219i operarea.<\/p>\n<\/li>\n<\/ul>\n<p class=\"my-2 [&amp;+p]:mt-4 [&amp;_strong:has(+br)]:inline-block [&amp;_strong:has(+br)]:pb-2\">Utilizatorii pot activa profilul cititorului de ecran sau suportul de navigare prin tastatur\u0103 ap\u0103s\u00e2nd <strong>Alt + 1<\/strong> \u00een orice moment.<\/p>\n<hr class=\"bg-subtle h-px border-0\" \/>\n<h2 class=\"mb-2 mt-4 font-display font-semimedium text-base first:mt-0\">Profiluri de dizabilitate sus\u021binute<\/h2>\n<ul class=\"marker:text-quiet list-disc\">\n<li class=\"py-0 my-0 prose-p:pt-0 prose-p:mb-2 prose-p:my-0 [&amp;&gt;p]:pt-0 [&amp;&gt;p]:mb-2 [&amp;&gt;p]:my-0\">\n<p class=\"my-2 [&amp;+p]:mt-4 [&amp;_strong:has(+br)]:inline-block [&amp;_strong:has(+br)]:pb-2\"><strong>Mod sigur pentru epilepsie:<\/strong> Elimin\u0103 anima\u021biile \u0219i flash-urile de culoare.<\/p>\n<\/li>\n<li class=\"py-0 my-0 prose-p:pt-0 prose-p:mb-2 prose-p:my-0 [&amp;&gt;p]:pt-0 [&amp;&gt;p]:mb-2 [&amp;&gt;p]:my-0\">\n<p class=\"my-2 [&amp;+p]:mt-4 [&amp;_strong:has(+br)]:inline-block [&amp;_strong:has(+br)]:pb-2\"><strong>Modul pentru persoanele cu deficien\u021be de vedere:<\/strong> Cre\u0219te contrastul, ajusteaz\u0103 culorile \u0219i \u00eembun\u0103t\u0103\u021be\u0219te lizibilitatea.<\/p>\n<\/li>\n<li class=\"py-0 my-0 prose-p:pt-0 prose-p:mb-2 prose-p:my-0 [&amp;&gt;p]:pt-0 [&amp;&gt;p]:mb-2 [&amp;&gt;p]:my-0\">\n<p class=\"my-2 [&amp;+p]:mt-4 [&amp;_strong:has(+br)]:inline-block [&amp;_strong:has(+br)]:pb-2\"><strong>Modul Dizabilitate cognitiv\u0103:<\/strong> Simplific\u0103 layout-urile \u0219i \u00eembun\u0103t\u0103\u021be\u0219te concentrarea pentru utilizatorii cu dislexie, autism sau CVA.<\/p>\n<\/li>\n<li class=\"py-0 my-0 prose-p:pt-0 prose-p:mb-2 prose-p:my-0 [&amp;&gt;p]:pt-0 [&amp;&gt;p]:mb-2 [&amp;&gt;p]:my-0\">\n<p class=\"my-2 [&amp;+p]:mt-4 [&amp;_strong:has(+br)]:inline-block [&amp;_strong:has(+br)]:pb-2\"><strong>Modul ADHD Friendly:<\/strong> Minimizeaz\u0103 distragerile \u0219i \u00eembun\u0103t\u0103\u021be\u0219te ierarhia vizual\u0103.<\/p>\n<\/li>\n<li class=\"py-0 my-0 prose-p:pt-0 prose-p:mb-2 prose-p:my-0 [&amp;&gt;p]:pt-0 [&amp;&gt;p]:mb-2 [&amp;&gt;p]:my-0\">\n<p class=\"my-2 [&amp;+p]:mt-4 [&amp;_strong:has(+br)]:inline-block [&amp;_strong:has(+br)]:pb-2\"><strong>Modul orbire:<\/strong> Asigur\u0103 compatibilitatea cu principalele programe de citire a ecranului.<\/p>\n<\/li>\n<li class=\"py-0 my-0 prose-p:pt-0 prose-p:mb-2 prose-p:my-0 [&amp;&gt;p]:pt-0 [&amp;&gt;p]:mb-2 [&amp;&gt;p]:my-0\">\n<p class=\"my-2 [&amp;+p]:mt-4 [&amp;_strong:has(+br)]:inline-block [&amp;_strong:has(+br)]:pb-2\"><strong>Modul pentru persoanele cu deficien\u021be motorii:<\/strong> Permite navigarea complet\u0103 folosind comenzi rapide de la tastatur\u0103 \u0219i tabularea.<\/p>\n<\/li>\n<\/ul>\n<hr class=\"bg-subtle h-px border-0\" \/>\n<h2 class=\"mb-2 mt-4 font-display font-semimedium text-base first:mt-0\">Ajust\u0103ri ale interfe\u021bei utilizator \u0219i ale lizibilit\u0103\u021bii<\/h2>\n<p class=\"my-2 [&amp;+p]:mt-4 [&amp;_strong:has(+br)]:inline-block [&amp;_strong:has(+br)]:pb-2\">Utilizatorii \u00ee\u0219i pot personaliza experien\u021ba de navigare prin ajustarea:<\/p>\n<ul class=\"marker:text-quiet list-disc\">\n<li class=\"py-0 my-0 prose-p:pt-0 prose-p:mb-2 prose-p:my-0 [&amp;&gt;p]:pt-0 [&amp;&gt;p]:mb-2 [&amp;&gt;p]:my-0\">\n<p class=\"my-2 [&amp;+p]:mt-4 [&amp;_strong:has(+br)]:inline-block [&amp;_strong:has(+br)]:pb-2\">Dimensiunea fontului, \u00een\u0103l\u021bimea liniei, spa\u021bierea \u0219i alinierea.<\/p>\n<\/li>\n<li class=\"py-0 my-0 prose-p:pt-0 prose-p:mb-2 prose-p:my-0 [&amp;&gt;p]:pt-0 [&amp;&gt;p]:mb-2 [&amp;&gt;p]:my-0\">\n<p class=\"my-2 [&amp;+p]:mt-4 [&amp;_strong:has(+br)]:inline-block [&amp;_strong:has(+br)]:pb-2\">Contrastul culorilor (modurile deschis, \u00eenchis, inversat \u0219i monocrom).<\/p>\n<\/li>\n<li class=\"py-0 my-0 prose-p:pt-0 prose-p:mb-2 prose-p:my-0 [&amp;&gt;p]:pt-0 [&amp;&gt;p]:mb-2 [&amp;&gt;p]:my-0\">\n<p class=\"my-2 [&amp;+p]:mt-4 [&amp;_strong:has(+br)]:inline-block [&amp;_strong:has(+br)]:pb-2\">Set\u0103ri de con\u021binut animat (pauz\u0103 sau oprire pentru siguran\u021ba accesibilit\u0103\u021bii).<\/p>\n<\/li>\n<li class=\"py-0 my-0 prose-p:pt-0 prose-p:mb-2 prose-p:my-0 [&amp;&gt;p]:pt-0 [&amp;&gt;p]:mb-2 [&amp;&gt;p]:my-0\">\n<p class=\"my-2 [&amp;+p]:mt-4 [&amp;_strong:has(+br)]:inline-block [&amp;_strong:has(+br)]:pb-2\">Muting audio, dimensiunea cursorului, modul de imprimare \u0219i accesul la tastatura virtual\u0103.<\/p>\n<\/li>\n<\/ul>\n<p class=\"my-2 [&amp;+p]:mt-4 [&amp;_strong:has(+br)]:inline-block [&amp;_strong:has(+br)]:pb-2\">Aceste op\u021biuni sunt disponibile prin interfa\u021ba noastr\u0103 de accesibilitate, conceput\u0103 pentru independen\u021b\u0103 \u0219i flexibilitate.<\/p>\n<hr class=\"bg-subtle h-px border-0\" \/>\n<h2 class=\"mb-2 mt-4 font-display font-semimedium text-base first:mt-0\">Limit\u0103ri de accesibilitate cunoscute<\/h2>\n<p class=\"my-2 [&amp;+p]:mt-4 [&amp;_strong:has(+br)]:inline-block [&amp;_strong:has(+br)]:pb-2\">\u00cen ciuda eforturilor noastre, anumite probleme pot persista:<\/p>\n<ul class=\"marker:text-quiet list-disc\">\n<li class=\"py-0 my-0 prose-p:pt-0 prose-p:mb-2 prose-p:my-0 [&amp;&gt;p]:pt-0 [&amp;&gt;p]:mb-2 [&amp;&gt;p]:my-0\">\n<p class=\"my-2 [&amp;+p]:mt-4 [&amp;_strong:has(+br)]:inline-block [&amp;_strong:has(+br)]:pb-2\">Este posibil ca unele documente PDF sau ter\u021be mai vechi s\u0103 nu fie complet accesibile.<\/p>\n<\/li>\n<li class=\"py-0 my-0 prose-p:pt-0 prose-p:mb-2 prose-p:my-0 [&amp;&gt;p]:pt-0 [&amp;&gt;p]:mb-2 [&amp;&gt;p]:my-0\">\n<p class=\"my-2 [&amp;+p]:mt-4 [&amp;_strong:has(+br)]:inline-block [&amp;_strong:has(+br)]:pb-2\">Un num\u0103r mic de imagini nu au text alternativ descriptiv.<\/p>\n<\/li>\n<li class=\"py-0 my-0 prose-p:pt-0 prose-p:mb-2 prose-p:my-0 [&amp;&gt;p]:pt-0 [&amp;&gt;p]:mb-2 [&amp;&gt;p]:my-0\">\n<p class=\"my-2 [&amp;+p]:mt-4 [&amp;_strong:has(+br)]:inline-block [&amp;_strong:has(+br)]:pb-2\">Unele widget-uri \u00eencorporate sau con\u021binutul ter\u021bilor nu sunt sub controlul nostru direct.<\/p>\n<\/li>\n<li class=\"py-0 my-0 prose-p:pt-0 prose-p:mb-2 prose-p:my-0 [&amp;&gt;p]:pt-0 [&amp;&gt;p]:mb-2 [&amp;&gt;p]:my-0\">\n<p class=\"my-2 [&amp;+p]:mt-4 [&amp;_strong:has(+br)]:inline-block [&amp;_strong:has(+br)]:pb-2\">Paginile mai vechi pot prezenta neconcordan\u021be de titlu sau contrast.<\/p>\n<\/li>\n<\/ul>\n<p class=\"my-2 [&amp;+p]:mt-4 [&amp;_strong:has(+br)]:inline-block [&amp;_strong:has(+br)]:pb-2\">Trat\u0103m aceste cazuri ca fiind <strong>sarcini dispropor\u021bionate<\/strong> \u0219i c\u0103ut\u0103m alternative sau remedieri treptate.<\/p>\n<hr class=\"bg-subtle h-px border-0\" \/>\n<h2 class=\"mb-2 mt-4 font-display font-semimedium text-base first:mt-0\">Specifica\u021bii tehnice<\/h2>\n<p class=\"my-2 [&amp;+p]:mt-4 [&amp;_strong:has(+br)]:inline-block [&amp;_strong:has(+br)]:pb-2\">Accesibilitatea <a class=\"reset interactable cursor-pointer decoration-1 underline-offset-1 text-super hover:underline font-semibold\" href=\"https:\/\/isensesolutions.com\/ro\/\" target=\"_blank\" rel=\"nofollow noopener\">isensesolutions.com<\/a> se bazeaz\u0103 pe urm\u0103toarele tehnologii:<\/p>\n<ul class=\"marker:text-quiet list-disc\">\n<li class=\"py-0 my-0 prose-p:pt-0 prose-p:mb-2 prose-p:my-0 [&amp;&gt;p]:pt-0 [&amp;&gt;p]:mb-2 [&amp;&gt;p]:my-0\">\n<p class=\"my-2 [&amp;+p]:mt-4 [&amp;_strong:has(+br)]:inline-block [&amp;_strong:has(+br)]:pb-2\">HTML<\/p>\n<\/li>\n<li class=\"py-0 my-0 prose-p:pt-0 prose-p:mb-2 prose-p:my-0 [&amp;&gt;p]:pt-0 [&amp;&gt;p]:mb-2 [&amp;&gt;p]:my-0\">\n<p class=\"my-2 [&amp;+p]:mt-4 [&amp;_strong:has(+br)]:inline-block [&amp;_strong:has(+br)]:pb-2\">WAI-ARIA<\/p>\n<\/li>\n<li class=\"py-0 my-0 prose-p:pt-0 prose-p:mb-2 prose-p:my-0 [&amp;&gt;p]:pt-0 [&amp;&gt;p]:mb-2 [&amp;&gt;p]:my-0\">\n<p class=\"my-2 [&amp;+p]:mt-4 [&amp;_strong:has(+br)]:inline-block [&amp;_strong:has(+br)]:pb-2\">CSS<\/p>\n<\/li>\n<li class=\"py-0 my-0 prose-p:pt-0 prose-p:mb-2 prose-p:my-0 [&amp;&gt;p]:pt-0 [&amp;&gt;p]:mb-2 [&amp;&gt;p]:my-0\">\n<p class=\"my-2 [&amp;+p]:mt-4 [&amp;_strong:has(+br)]:inline-block [&amp;_strong:has(+br)]:pb-2\">JavaScript<\/p>\n<\/li>\n<\/ul>\n<p class=\"my-2 [&amp;+p]:mt-4 [&amp;_strong:has(+br)]:inline-block [&amp;_strong:has(+br)]:pb-2\">Site-ul web este testat pentru compatibilitate cu <strong>Google Chrome<\/strong>, <strong>Edge<\/strong>, <strong>Firefox<\/strong>, <strong>Safari<\/strong>, <strong>Opera<\/strong> \u0219i cu principalele tehnologii de asisten\u021b\u0103, cum ar fi <strong>JAWS<\/strong> \u0219i <strong>NVDA<\/strong>.<\/p>\n<hr class=\"bg-subtle h-px border-0\" \/>\n<h2 class=\"mb-2 mt-4 font-display font-semimedium text-base first:mt-0\">Feedback \u0219i contact<\/h2>\n<p class=\"my-2 [&amp;+p]:mt-4 [&amp;_strong:has(+br)]:inline-block [&amp;_strong:has(+br)]:pb-2\">Apreciem feedback-ul cu privire la \u00eembun\u0103t\u0103\u021birea accesibilit\u0103\u021bii \u0219i proiectarea f\u0103r\u0103 bariere.<\/p>\n<p class=\"my-2 [&amp;+p]:mt-4 [&amp;_strong:has(+br)]:inline-block [&amp;_strong:has(+br)]:pb-2\">V\u0103 rug\u0103m s\u0103 ne contacta\u021bi dac\u0103 \u00eent\u00e2mpina\u021bi dificult\u0103\u021bi:<\/p>\n<ul class=\"marker:text-quiet list-disc\">\n<li class=\"py-0 my-0 prose-p:pt-0 prose-p:mb-2 prose-p:my-0 [&amp;&gt;p]:pt-0 [&amp;&gt;p]:mb-2 [&amp;&gt;p]:my-0\">\n<p class=\"my-2 [&amp;+p]:mt-4 [&amp;_strong:has(+br)]:inline-block [&amp;_strong:has(+br)]:pb-2\">E-mail: <a class=\"reset interactable cursor-pointer decoration-1 underline-offset-1 text-super hover:underline font-semibold\" href=\"mailto:contact@isensesolutions.com\" target=\"_blank\" rel=\"nofollow noopener\"><strong><span class=\"text-box-trim-both\">contact@isensesolutions.com<\/span><\/strong><\/a><\/p>\n<\/li>\n<li class=\"py-0 my-0 prose-p:pt-0 prose-p:mb-2 prose-p:my-0 [&amp;&gt;p]:pt-0 [&amp;&gt;p]:mb-2 [&amp;&gt;p]:my-0\">\n<p class=\"my-2 [&amp;+p]:mt-4 [&amp;_strong:has(+br)]:inline-block [&amp;_strong:has(+br)]:pb-2\">Telefon: <strong>+40 773 835 659<\/strong><\/p>\n<\/li>\n<li class=\"py-0 my-0 prose-p:pt-0 prose-p:mb-2 prose-p:my-0 [&amp;&gt;p]:pt-0 [&amp;&gt;p]:mb-2 [&amp;&gt;p]:my-0\">\n<p class=\"my-2 [&amp;+p]:mt-4 [&amp;_strong:has(+br)]:inline-block [&amp;_strong:has(+br)]:pb-2\"><strong>Adresa: Str:<\/strong> Strada Buze\u0219ti 75-77, Etaj 11, Sector 1, Bucure\u0219ti, Rom\u00e2nia<\/p>\n<\/li>\n<\/ul>\n<p class=\"my-2 [&amp;+p]:mt-4 [&amp;_strong:has(+br)]:inline-block [&amp;_strong:has(+br)]:pb-2\">R\u0103spundem la comentariile legate de accesibilitate \u00een termen de <strong>14 zile lucr\u0103toare<\/strong>.<\/p>\n<hr class=\"bg-subtle h-px border-0\" \/>\n<h2 class=\"mb-2 mt-4 font-display font-semimedium text-base first:mt-0\">Procedura de punere \u00een aplicare<\/h2>\n<p class=\"my-2 [&amp;+p]:mt-4 [&amp;_strong:has(+br)]:inline-block [&amp;_strong:has(+br)]:pb-2\">\u00cen cazul \u00een care pl\u00e2ngerea dumneavoastr\u0103 nu este solu\u021bionat\u0103 \u00een mod satisf\u0103c\u0103tor, pute\u021bi contacta:<\/p>\n<ul class=\"marker:text-quiet list-disc\">\n<li class=\"py-0 my-0 prose-p:pt-0 prose-p:mb-2 prose-p:my-0 [&amp;&gt;p]:pt-0 [&amp;&gt;p]:mb-2 [&amp;&gt;p]:my-0\">\n<p class=\"my-2 [&amp;+p]:mt-4 [&amp;_strong:has(+br)]:inline-block [&amp;_strong:has(+br)]:pb-2\"><strong>Autoritatea Na\u021bional\u0103 pentru Persoanele cu Dizabilit\u0103\u021bi din Rom\u00e2nia<\/strong>, sau<\/p>\n<\/li>\n<li class=\"py-0 my-0 prose-p:pt-0 prose-p:mb-2 prose-p:my-0 [&amp;&gt;p]:pt-0 [&amp;&gt;p]:mb-2 [&amp;&gt;p]:my-0\">\n<p class=\"my-2 [&amp;+p]:mt-4 [&amp;_strong:has(+br)]:inline-block [&amp;_strong:has(+br)]:pb-2\"><strong>Serviciul UE<\/strong> relevant <strong>de solu\u021bionare a litigiilor<\/strong> privind accesibilitatea web.<\/p>\n<\/li>\n<\/ul>\n<hr class=\"bg-subtle h-px border-0\" \/>\n<p class=\"my-2 [&amp;+p]:mt-4 [&amp;_strong:has(+br)]:inline-block [&amp;_strong:has(+br)]:pb-2\"><strong>Aceast\u0103 declara\u021bie este actualizat\u0103 periodic. Ultima revizuire a avut loc la 1 noiembrie 2025. <\/strong><br \/>\nPentru mai multe informa\u021bii, \u00eendrumare sau sugestii, v\u0103 rug\u0103m s\u0103 folosi\u021bi informa\u021biile de contact furnizate mai sus.<\/p>\n<p>[\/vc_column_text][\/vc_column_inner][\/vc_row_inner][\/vc_column][\/vc_row][\/vc_section]<\/p>\n<\/div>","protected":false},"excerpt":{"rendered":"<p>[vc_section][vc_row][vc_column][vc_row_inner][vc_column_inner][vc_column_text] Aceast\u0103 declara\u021bie se aplic\u0103 con\u021binutului publicat pe https:\/\/isensesolutions.com. Aceasta nu se aplic\u0103 altor site-uri web sau subdomenii, care au propriile declara\u021bii de accesibilitate. isensesolutions.com este administrat de iSense Solutions S.R.L. \u0219i este conceput pentru a fi utilizat de c\u00e2t mai multe persoane, inclusiv cele cu dizabilit\u0103\u021bi. Credem cu t\u0103rie c\u0103 Internetul ar trebui s\u0103 [&hellip;]<\/p>\n","protected":false},"author":911,"featured_media":0,"parent":0,"menu_order":0,"comment_status":"closed","ping_status":"closed","template":"","meta":{"footnotes":""},"class_list":["post-8543","page","type-page","status-publish","hentry"],"_links":{"self":[{"href":"https:\/\/isensesolutions.com\/ro\/wp-json\/wp\/v2\/pages\/8543","targetHints":{"allow":["GET"]}}],"collection":[{"href":"https:\/\/isensesolutions.com\/ro\/wp-json\/wp\/v2\/pages"}],"about":[{"href":"https:\/\/isensesolutions.com\/ro\/wp-json\/wp\/v2\/types\/page"}],"author":[{"embeddable":true,"href":"https:\/\/isensesolutions.com\/ro\/wp-json\/wp\/v2\/users\/911"}],"replies":[{"embeddable":true,"href":"https:\/\/isensesolutions.com\/ro\/wp-json\/wp\/v2\/comments?post=8543"}],"version-history":[{"count":0,"href":"https:\/\/isensesolutions.com\/ro\/wp-json\/wp\/v2\/pages\/8543\/revisions"}],"wp:attachment":[{"href":"https:\/\/isensesolutions.com\/ro\/wp-json\/wp\/v2\/media?parent=8543"}],"curies":[{"name":"wp","href":"https:\/\/api.w.org\/{rel}","templated":true}]}}