{"id":8345,"date":"2025-04-28T22:53:04","date_gmt":"2025-04-28T19:53:04","guid":{"rendered":"https:\/\/isensesolutions.com\/politica-de-utilizare-cookies\/"},"modified":"2025-08-22T15:19:41","modified_gmt":"2025-08-22T12:19:41","slug":"politica-de-utilizare-cookies","status":"publish","type":"page","link":"https:\/\/isensesolutions.com\/ro\/politica-de-utilizare-cookies\/","title":{"rendered":"Politica de utilizare cookies"},"content":{"rendered":"<div class=\"wpb-content-wrapper\"><p>[vc_section][vc_row][vc_column]<div class=\"wpb_content_element \"><style type=\"text\/css\">#ut_header_69e4e5335ab29 h1.page-title { font-size:80px !important;line-height:88px !important;letter-spacing:-0.05em; }<\/style><header id=\"ut_header_69e4e5335ab29\" class=\"page-header page-title-module  ut-no-title-linebreak-mobile ut-no-lead-linebreak-mobile pt-style-2 header-center header-tablet-center header-mobile-center element-with-custom-line-height\"><div class=\"element-with-custom-line-height\" ><h1 data-title=\"Politica de utilizare cookies\"  data-responsive-font=\"page_title\" data-responsive-font-settings=\"{&quot;base-font-size&quot;:&quot;global&quot;,&quot;font-size&quot;:{&quot;desktop_large&quot;:&quot;80&quot;},&quot;base-line-height&quot;:&quot;global&quot;,&quot;line-height&quot;:{&quot;desktop_large&quot;:&quot;88&quot;},&quot;base-letter-spacing&quot;:&quot;global&quot;,&quot;letter-spacing&quot;:{&quot;desktop_large&quot;:&quot;-0.05&quot;}}\" class=\"page-title  \"><span>Politica de utilizare cookies<\/span><\/h1><\/div><\/header><\/div>[vc_row_inner][vc_column_inner][vc_column_text]<\/p>\n<h2 id=\"1-introduction\" class=\"mb-2 mt-6 text-lg font-[500] first:mt-0\">1. Introducere<\/h2>\n<p class=\"my-0\">Prezenta Politic\u0103 privind modulele cookie explic\u0103 modul \u00een care iSense Solutions SRL (&#8222;noi&#8221;, &#8222;ne&#8221;, &#8222;nostru&#8221;) utilizeaz\u0103 modulele cookie \u0219i tehnologii similare pe site-ul nostru <a class=\"break-word hover:text-super hover:decoration-super dark:hover:text-superDark dark:hover:decoration-superDark underline decoration-from-font underline-offset-1 transition-all duration-300\" href=\"https:\/\/isensesolutions.com\/ro\/\" target=\"_blank\" rel=\"nofollow noopener\">https:\/\/isensesolutions.com<\/a> (&#8222;site-ul&#8221;). Aceast\u0103 politic\u0103 trebuie citit\u0103 \u00eempreun\u0103 cu <a href=\"https:\/\/isensesolutions.com\/ro\/politica-de-confidentialitate\/\">Politica noastr\u0103 de confiden\u021bialitate<\/a>, care explic\u0103 modul \u00een care colect\u0103m \u0219i utiliz\u0103m datele cu caracter personal.<\/p>\n<h2 id=\"2-what-are-cookies\" class=\"mb-2 mt-6 text-lg font-[500] first:mt-0\">2. Ce sunt modulele cookie?<\/h2>\n<p class=\"my-0\">Cookie-urile sunt fi\u0219iere text de mici dimensiuni care sunt stocate pe dispozitivul dumneavoastr\u0103 (computer, tablet\u0103, smartphone) atunci c\u00e2nd vizita\u021bi un site web. Acestea sunt utilizate pe scar\u0103 larg\u0103 pentru a face site-urile web s\u0103 func\u021bioneze, pentru a \u00eembun\u0103t\u0103\u021bi experien\u021ba utilizatorului \u0219i pentru a furniza informa\u021bii proprietarilor de site-uri web.<\/p>\n<p class=\"my-0\">Cookie-urile pot fi:<\/p>\n<ul class=\"marker:text-textOff list-disc\">\n<li>\n<p class=\"my-0\"><strong>Module cookie de sesiune:<\/strong> care sunt \u0219terse atunci c\u00e2nd \u00eenchide\u021bi browserul.<\/p>\n<\/li>\n<li>\n<p class=\"my-0\"><strong>Cookie-uri persistente:<\/strong> care r\u0103m\u00e2n pe dispozitivul dvs. pentru o perioad\u0103 determinat\u0103 sau p\u00e2n\u0103 c\u00e2nd le \u0219terge\u021bi.<\/p>\n<\/li>\n<\/ul>\n<h2 id=\"3-what-types-of-cookies-do-we-use\" class=\"mb-2 mt-6 text-lg font-[500] first:mt-0\">3. Ce tipuri de module cookie folosim?<\/h2>\n<p class=\"my-0\">Pe site-ul nostru web utiliz\u0103m urm\u0103toarele categorii de module cookie:<\/p>\n<h3 class=\"mb-xs mt-5 text-base font-[525] first:mt-0\">3.1 Module cookie strict necesare<\/h3>\n<p class=\"my-0\">Aceste module cookie sunt esen\u021biale pentru func\u021bionarea site-ului nostru. Ele v\u0103 permit s\u0103 naviga\u021bi pe site \u0219i s\u0103 utiliza\u021bi caracteristicile acestuia, cum ar fi zonele securizate \u0219i co\u0219urile de cump\u0103r\u0103turi. F\u0103r\u0103 aceste module cookie, anumite servicii nu pot fi furnizate.<\/p>\n<h3 class=\"mb-xs mt-5 text-base font-[525] first:mt-0\">3.2 Cookie-uri de performan\u021b\u0103 \u0219i de analiz\u0103<\/h3>\n<p class=\"my-0\">Aceste module cookie colecteaz\u0103 informa\u021bii despre modul \u00een care vizitatorii utilizeaz\u0103 site-ul nostru, cum ar fi paginile care sunt vizitate cel mai des. Utiliz\u0103m aceste date pentru a \u00eembun\u0103t\u0103\u021bi performan\u021ba site-ului web \u0219i experien\u021ba utilizatorului.<\/p>\n<p class=\"my-0\"><strong>Exemplu:<\/strong><br \/>\nUtiliz\u0103m <strong>Google Analytics<\/strong> pentru a ne ajuta s\u0103 analiz\u0103m modul \u00een care utilizatorii interac\u021bioneaz\u0103 cu site-ul web. Cookie-urile Google Analytics colecteaz\u0103 informa\u021bii precum adresa IP, tipul de browser \u0219i paginile vizitate. Aceste date sunt agregate \u0219i anonimizate.<\/p>\n<h3 class=\"mb-xs mt-5 text-base font-[525] first:mt-0\">3.3 Module cookie de func\u021bionalitate<\/h3>\n<p class=\"my-0\">Aceste module cookie permit site-ului s\u0103 re\u021bin\u0103 alegerile pe care le face\u021bi (cum ar fi numele de utilizator, limba sau regiunea) \u0219i s\u0103 ofere caracteristici \u00eembun\u0103t\u0103\u021bite, mai personalizate.<\/p>\n<h3 class=\"mb-xs mt-5 text-base font-[525] first:mt-0\">3.4 Cookie-uri de marketing \u0219i publicitate<\/h3>\n<p class=\"my-0\">Aceste module cookie sunt utilizate pentru a furniza reclame relevante pentru dvs. \u0219i interesele dvs. De asemenea, acestea pot fi utilizate pentru a limita num\u0103rul de ori \u00een care vede\u021bi o reclam\u0103 \u0219i pentru a m\u0103sura eficien\u021ba campaniilor publicitare.<\/p>\n<p class=\"my-0\"><strong>Exemple:<\/strong><\/p>\n<ul class=\"marker:text-textOff list-disc\">\n<li>\n<p class=\"my-0\"><strong>Pixel Facebook:<\/strong> Utiliz\u0103m Facebook Pixel pentru a urm\u0103ri interac\u021biunile utilizatorilor \u0219i pentru a m\u0103sura eficien\u021ba campaniilor noastre publicitare pe Facebook.<\/p>\n<\/li>\n<li>\n<p class=\"my-0\"><strong>Brevo:<\/strong> Putem utiliza module cookie legate de serviciile noastre de e-mail marketing \u0219i automatizare furnizate de Brevo.<\/p>\n<\/li>\n<\/ul>\n<h3 class=\"mb-xs mt-5 text-base font-[525] first:mt-0\">3.5 Module cookie ter\u021b\u0103 parte<\/h3>\n<p class=\"my-0\">Unele module cookie pot fi setate de servicii ter\u021be care apar pe site-ul nostru, cum ar fi con\u021binutul \u00eencorporat, analiza sau butoanele de partajare pe re\u021belele sociale. Aceste p\u0103r\u021bi ter\u021be pot utiliza module cookie \u00een conformitate cu propriile lor politici privind confiden\u021bialitatea \u0219i modulele cookie.<\/p>\n<h2 id=\"4-how-do-we-use-cookies\" class=\"mb-2 mt-6 text-lg font-[500] first:mt-0\">4. Cum folosim modulele cookie?<\/h2>\n<p class=\"my-0\">Utiliz\u0103m module cookie pentru:<\/p>\n<ul class=\"marker:text-textOff list-disc\">\n<li>\n<p class=\"my-0\">s\u0103 asigure buna func\u021bionare a site-ului<\/p>\n<\/li>\n<li>\n<p class=\"my-0\">Analiza\u021bi \u0219i \u00eembun\u0103t\u0103\u021bi\u021bi performan\u021ba \u0219i utilitatea site-ului nostru web<\/p>\n<\/li>\n<li>\n<p class=\"my-0\">Oferi\u021bi con\u021binut personalizat \u0219i re\u021bine\u021bi preferin\u021bele dvs.<\/p>\n<\/li>\n<li>\n<p class=\"my-0\">Furnizarea de publicitate direc\u021bionat\u0103 \u0219i m\u0103surarea eficien\u021bei marketingului<\/p>\n<\/li>\n<li>\n<p class=\"my-0\">Activa\u021bi caracteristicile \u0219i interac\u021biunile social media<\/p>\n<\/li>\n<\/ul>\n<h2 id=\"5-how-can-you-control-cookies\" class=\"mb-2 mt-6 text-lg font-[500] first:mt-0\">5. Cum pute\u021bi controla modulele cookie?<\/h2>\n<p class=\"my-0\">La prima vizit\u0103 pe site-ul nostru, ve\u021bi vedea un banner cu cookie-uri care v\u0103 solicit\u0103 acordul pentru utilizarea cookie-urilor neesen\u021biale. Pute\u021bi alege s\u0103 accepta\u021bi sau s\u0103 respinge\u021bi aceste module cookie.<\/p>\n<p class=\"my-0\">De asemenea, v\u0103 pute\u021bi gestiona preferin\u021bele privind modulele cookie \u00een orice moment prin:<\/p>\n<ul class=\"marker:text-textOff list-disc\">\n<li>\n<p class=\"my-0\">Reglarea set\u0103rilor browserului dvs. pentru a bloca sau \u0219terge cookie-urile<\/p>\n<\/li>\n<li>\n<p class=\"my-0\">Utilizarea instrumentelor de gestionare a modulelor cookie furnizate pe site-ul nostru web<\/p>\n<\/li>\n<li>\n<p class=\"my-0\">Retragerea consim\u021b\u0103m\u00e2ntului dumneavoastr\u0103 pentru modulele cookie neesen\u021biale<\/p>\n<\/li>\n<\/ul>\n<p class=\"my-0\">V\u0103 rug\u0103m s\u0103 re\u021bine\u021bi c\u0103 dezactivarea anumitor module cookie poate afecta func\u021bionalitatea \u0219i performan\u021ba site-ului.<\/p>\n<h2 id=\"6-cookies-we-use\" class=\"mb-2 mt-6 text-lg font-[500] first:mt-0\">6. Modulele cookie pe care le utiliz\u0103m<\/h2>\n<p class=\"my-0\">Mai jos este o list\u0103 neexhaustiv\u0103 a principalelor module cookie utilizate pe site-ul nostru:<\/p>\n<div class=\"w-full overflow-x-auto md:max-w-[90vw] border-borderMain\/50 ring-borderMain\/50 divide-borderMain\/50 dark:divide-borderMainDark\/50 dark:ring-borderMainDark\/50 dark:border-borderMainDark\/50 bg-transparent\">\n<table class=\"border-borderMain dark:border-borderMainDark my-[1em] w-full table-auto border\">\n<thead class=\"bg-offset dark:bg-offsetDark\">\n<tr>\n<th class=\"px-sm py-sm break-normal align-top\">Nume cookie<\/th>\n<th class=\"px-sm py-sm break-normal align-top\">Furnizor<\/th>\n<th class=\"px-sm py-sm break-normal align-top\">Scop<\/th>\n<th class=\"px-sm py-sm break-normal align-top\">Expirare<\/th>\n<th class=\"px-sm py-sm break-normal align-top\">Tip<\/th>\n<\/tr>\n<\/thead>\n<tbody>\n<tr>\n<td class=\"border-borderMain px-sm dark:border-borderMainDark min-w-[48px] break-normal border\">_ga, _gid<\/td>\n<td class=\"border-borderMain px-sm dark:border-borderMainDark min-w-[48px] break-normal border\">Google Analytics<\/td>\n<td class=\"border-borderMain px-sm dark:border-borderMainDark min-w-[48px] break-normal border\">Analiz\u0103 site web<\/td>\n<td class=\"border-borderMain px-sm dark:border-borderMainDark min-w-[48px] break-normal border\">2 ani, 24h<\/td>\n<td class=\"border-borderMain px-sm dark:border-borderMainDark min-w-[48px] break-normal border\">Analiz\u0103<\/td>\n<\/tr>\n<tr>\n<td class=\"border-borderMain px-sm dark:border-borderMainDark min-w-[48px] break-normal border\">_fbp<\/td>\n<td class=\"border-borderMain px-sm dark:border-borderMainDark min-w-[48px] break-normal border\">Facebook<\/td>\n<td class=\"border-borderMain px-sm dark:border-borderMainDark min-w-[48px] break-normal border\">Publicitate \u0219i analiz\u0103<\/td>\n<td class=\"border-borderMain px-sm dark:border-borderMainDark min-w-[48px] break-normal border\">3 luni<\/td>\n<td class=\"border-borderMain px-sm dark:border-borderMainDark min-w-[48px] break-normal border\">Marketing<\/td>\n<\/tr>\n<tr>\n<td class=\"border-borderMain px-sm dark:border-borderMainDark min-w-[48px] break-normal border\">sib_cuid<\/td>\n<td class=\"border-borderMain px-sm dark:border-borderMainDark min-w-[48px] break-normal border\">Brevo<\/td>\n<td class=\"border-borderMain px-sm dark:border-borderMainDark min-w-[48px] break-normal border\">Email marketing, implicarea utilizatorilor<\/td>\n<td class=\"border-borderMain px-sm dark:border-borderMainDark min-w-[48px] break-normal border\">6 luni<\/td>\n<td class=\"border-borderMain px-sm dark:border-borderMainDark min-w-[48px] break-normal border\">Marketing<\/td>\n<\/tr>\n<tr>\n<td class=\"border-borderMain px-sm dark:border-borderMainDark min-w-[48px] break-normal border\">PHPSESSID<\/td>\n<td class=\"border-borderMain px-sm dark:border-borderMainDark min-w-[48px] break-normal border\">isensesolutions.ro<\/td>\n<td class=\"border-borderMain px-sm dark:border-borderMainDark min-w-[48px] break-normal border\">Gestionarea sesiunii<\/td>\n<td class=\"border-borderMain px-sm dark:border-borderMainDark min-w-[48px] break-normal border\">Sesiune<\/td>\n<td class=\"border-borderMain px-sm dark:border-borderMainDark min-w-[48px] break-normal border\">Necesar\u0103<\/td>\n<\/tr>\n<\/tbody>\n<\/table>\n<div class=\"py-xs -mt-[0.5em] flex flex-row justify-end gap-2\">\n<div>\n<div class=\"flex items-center min-w-0 font-medium gap-1 justify-center\">\n<div class=\"flex shrink-0 items-center justify-center size-3.5\"><\/div>\n<\/div>\n<\/div>\n<\/div>\n<\/div>\n<p class=\"my-0\"><em>Pentru o list\u0103 complet\u0103 a cookie-urilor, v\u0103 rug\u0103m s\u0103 consulta\u021bi instrumentul nostru de consim\u021b\u0103m\u00e2nt privind cookie-urile sau s\u0103 ne contacta\u021bi.<\/em><\/p>\n<h2 id=\"7-changes-to-this-cookie-policy\" class=\"mb-2 mt-6 text-lg font-[500] first:mt-0\">7. Modific\u0103ri ale prezentei politici privind modulele cookie<\/h2>\n<p class=\"my-0\">Putem actualiza periodic aceast\u0103 Politic\u0103 privind modulele cookie pentru a reflecta modific\u0103rile tehnologice, legislative sau practicile noastre. Orice actualiz\u0103ri vor fi postate pe aceast\u0103 pagin\u0103 cu o dat\u0103 revizuit\u0103 &#8222;Ultima actualizare&#8221;.<\/p>\n<h2 id=\"8-contact-us\" class=\"mb-2 mt-6 text-lg font-[500] first:mt-0\">8. Contacta\u021bi-ne<\/h2>\n<p class=\"my-0\">Dac\u0103 ave\u021bi \u00eentreb\u0103ri cu privire la utilizarea de c\u0103tre noi a modulelor cookie sau la prezenta Politic\u0103 privind modulele cookie, v\u0103 rug\u0103m s\u0103 contacta\u021bi:<\/p>\n<p class=\"my-0\"><strong>iSense Solutions<\/strong><br \/>\nE-mail: <a class=\"break-word hover:text-super hover:decoration-super dark:hover:text-superDark dark:hover:decoration-superDark underline decoration-from-font underline-offset-1 transition-all duration-300\" href=\"mailto:contact@isensesolutions.com\" target=\"_blank\" rel=\"nofollow noopener\">contact@isensesolutions.com<\/a><br \/>\nTelefon: +40 773 835 659<br \/>\nAdresa de coresponden\u021b\u0103: Str: Strada Buze\u0219ti nr. 75-77, Etaj 11, Sector 1, Bucure\u0219ti, Rom\u00e2nia<\/p>\n<p class=\"my-0\"><strong>Pentru mai multe informa\u021bii despre modul \u00een care prelucr\u0103m datele dumneavoastr\u0103 cu caracter personal, v\u0103 rug\u0103m s\u0103 consulta\u021bi <a href=\"https:\/\/isensesolutions.com\/ro\/politica-de-confidentialitate\/\">Politica noastr\u0103 de confiden\u021bialitate<\/a>.<\/strong><\/p>\n<p>Ultima actualizare: 28 aprilie 2025[\/vc_column_text][\/vc_column_inner][\/vc_row_inner][\/vc_column][\/vc_row][\/vc_section]<\/p>\n<\/div>","protected":false},"excerpt":{"rendered":"<p>[vc_section][vc_row][vc_column][vc_row_inner][vc_column_inner][vc_column_text] 1. Introducere Prezenta Politic\u0103 privind modulele cookie explic\u0103 modul \u00een care iSense Solutions SRL (&#8222;noi&#8221;, &#8222;ne&#8221;, &#8222;nostru&#8221;) utilizeaz\u0103 modulele cookie \u0219i tehnologii similare pe site-ul nostru https:\/\/isensesolutions.com (&#8222;site-ul&#8221;). Aceast\u0103 politic\u0103 trebuie citit\u0103 \u00eempreun\u0103 cu Politica noastr\u0103 de confiden\u021bialitate, care explic\u0103 modul \u00een care colect\u0103m \u0219i utiliz\u0103m datele cu caracter personal. 2. Ce sunt modulele [&hellip;]<\/p>\n","protected":false},"author":76,"featured_media":0,"parent":0,"menu_order":0,"comment_status":"closed","ping_status":"closed","template":"","meta":{"footnotes":""},"class_list":["post-8345","page","type-page","status-publish","hentry"],"_links":{"self":[{"href":"https:\/\/isensesolutions.com\/ro\/wp-json\/wp\/v2\/pages\/8345","targetHints":{"allow":["GET"]}}],"collection":[{"href":"https:\/\/isensesolutions.com\/ro\/wp-json\/wp\/v2\/pages"}],"about":[{"href":"https:\/\/isensesolutions.com\/ro\/wp-json\/wp\/v2\/types\/page"}],"author":[{"embeddable":true,"href":"https:\/\/isensesolutions.com\/ro\/wp-json\/wp\/v2\/users\/76"}],"replies":[{"embeddable":true,"href":"https:\/\/isensesolutions.com\/ro\/wp-json\/wp\/v2\/comments?post=8345"}],"version-history":[{"count":0,"href":"https:\/\/isensesolutions.com\/ro\/wp-json\/wp\/v2\/pages\/8345\/revisions"}],"wp:attachment":[{"href":"https:\/\/isensesolutions.com\/ro\/wp-json\/wp\/v2\/media?parent=8345"}],"curies":[{"name":"wp","href":"https:\/\/api.w.org\/{rel}","templated":true}]}}