{"id":8336,"date":"2025-04-28T22:41:54","date_gmt":"2025-04-28T19:41:54","guid":{"rendered":"https:\/\/isensesolutions.com\/politica-de-confidentialitate\/"},"modified":"2025-04-28T22:41:54","modified_gmt":"2025-04-28T19:41:54","slug":"politica-de-confidentialitate","status":"publish","type":"page","link":"https:\/\/isensesolutions.com\/ro\/politica-de-confidentialitate\/","title":{"rendered":"Politica de confiden\u021bialitate"},"content":{"rendered":"<div class=\"wpb-content-wrapper\"><p>[vc_section][vc_row][vc_column]<div class=\"wpb_content_element \"><style type=\"text\/css\">#ut_header_69e4e5e24dcfb h1.page-title { font-size:80px !important;line-height:88px !important;letter-spacing:-0.05em; }<\/style><header id=\"ut_header_69e4e5e24dcfb\" class=\"page-header page-title-module  ut-no-title-linebreak-mobile ut-no-lead-linebreak-mobile pt-style-2 header-center header-tablet-center header-mobile-center element-with-custom-line-height\"><div class=\"element-with-custom-line-height\" ><h1 data-title=\"Politica de confiden\u021bialitate\"  data-responsive-font=\"page_title\" data-responsive-font-settings=\"{&quot;base-font-size&quot;:&quot;global&quot;,&quot;font-size&quot;:{&quot;desktop_large&quot;:&quot;80&quot;},&quot;base-line-height&quot;:&quot;global&quot;,&quot;line-height&quot;:{&quot;desktop_large&quot;:&quot;88&quot;},&quot;base-letter-spacing&quot;:&quot;global&quot;,&quot;letter-spacing&quot;:{&quot;desktop_large&quot;:&quot;-0.05&quot;}}\" class=\"page-title  \"><span>Politica de confiden\u021bialitate<\/span><\/h1><\/div><\/header><\/div>[vc_row_inner][vc_column_inner][vc_column_text]<\/p>\n<h2 id=\"1-introduction\" class=\"mb-2 mt-6 text-lg font-[500] first:mt-0\">1. Introducere<\/h2>\n<p class=\"my-0\">Aceast\u0103 politic\u0103 de confiden\u021bialitate explic\u0103 modul \u00een care iSense Solutions SRL (&#8222;noi&#8221;, &#8222;ne&#8221;, &#8222;nostru&#8221;) colecteaz\u0103, utilizeaz\u0103, stocheaz\u0103 \u0219i protejeaz\u0103 datele dvs. cu caracter personal atunci c\u00e2nd utiliza\u021bi site-ul nostru<a class=\"break-word hover:text-super hover:decoration-super dark:hover:text-superDark dark:hover:decoration-superDark underline decoration-from-font underline-offset-1 transition-all duration-300\" href=\"https:\/\/isensesolutions.com\/ro\/\" target=\"_blank\" rel=\"nofollow noopener\"> https:\/\/isensesolutions.com,<\/a> achizi\u021biona\u021bi rapoarte, v\u0103 \u00eenregistra\u021bi la evenimente, crea\u021bi un cont sau interac\u021biona\u021bi cu serviciile noastre digitale, inclusiv pagina noastr\u0103 de Facebook \u0219i comunic\u0103rile de marketing. Ne angaj\u0103m s\u0103 v\u0103 protej\u0103m confiden\u021bialitatea \u0219i s\u0103 respect\u0103m Regulamentul general privind protec\u021bia datelor (UE) 2016\/679 (&#8222;GDPR&#8221;) \u0219i toate legile rom\u00e2ne\u0219ti aplicabile. <\/p>\n<h2 id=\"2-data-controller\" class=\"mb-2 mt-6 text-lg font-[500] first:mt-0\">2. Operator de date<\/h2>\n<p class=\"my-0\"><strong>ISENSE SOLUTIONS S.R.L.<\/strong><br \/>\nSediul social: Bulevardul Basarabia nr. 5, Camera 1, Apartament 1, Sector 2, Bucure\u0219ti, Rom\u00e2nia<br \/>\nAdresa de coresponden\u021b\u0103: Str. Strada Buze\u0219ti nr. 75-77, Etaj 11, Sector 1, Bucure\u0219ti, Rom\u00e2nia<br \/>\nEmail: <a class=\"break-word hover:text-super hover:decoration-super dark:hover:text-superDark dark:hover:decoration-superDark underline decoration-from-font underline-offset-1 transition-all duration-300\" href=\"mailto:contact@isensesolutions.com\" target=\"_blank\" rel=\"nofollow noopener\">contact@isensesolutions.com<\/a><br \/>\nTelefon: +40 773 835 659<\/p>\n<h2 id=\"3-what-data-we-collect\" class=\"mb-2 mt-6 text-lg font-[500] first:mt-0\">3. Ce date colect\u0103m<\/h2>\n<p class=\"my-0\">Putem colecta \u0219i prelucra urm\u0103toarele tipuri de date cu caracter personal:<\/p>\n<ul class=\"marker:text-textOff list-disc\">\n<li>\n<p class=\"my-0\"><strong>Date de identificare:<\/strong> nume, prenume, companie, e-mail profesional, num\u0103r de telefon<\/p>\n<\/li>\n<li>\n<p class=\"my-0\"><strong>Date despre cont:<\/strong> nume de utilizator, parol\u0103, detalii despre planul de loialitate, activitatea tabloului de bord<\/p>\n<\/li>\n<li>\n<p class=\"my-0\"><strong>Date privind tranzac\u021biile:<\/strong> istoricul achizi\u021biilor, \u00eenregistr\u0103rile la evenimente, detaliile de plat\u0103 (prelucrate \u00een siguran\u021b\u0103 prin intermediul unor furnizori ter\u021bi)<\/p>\n<\/li>\n<li>\n<p class=\"my-0\"><strong>Date de comunicare:<\/strong> coresponden\u021b\u0103 cu noi, r\u0103spunsuri la sondaje, cereri de asisten\u021b\u0103<\/p>\n<\/li>\n<li>\n<p class=\"my-0\"><strong>Date tehnice:<\/strong> Adresa IP, informa\u021bii despre dispozitiv, tipul de browser, date de utilizare (prin intermediul instrumentelor de analiz\u0103 sau de marketing)<\/p>\n<\/li>\n<li>\n<p class=\"my-0\"><strong>Date privind re\u021belele sociale:<\/strong> interac\u021biuni cu pagina noastr\u0103 de Facebook sau cu alte platforme de re\u021bele sociale<\/p>\n<\/li>\n<\/ul>\n<h2 id=\"4-how-we-collect-your-data\" class=\"mb-2 mt-6 text-lg font-[500] first:mt-0\">4. Cum colect\u0103m datele dumneavoastr\u0103<\/h2>\n<p class=\"my-0\">Colect\u0103m datele dumneavoastr\u0103 cu caracter personal prin:<\/p>\n<ul class=\"marker:text-textOff list-disc\">\n<li>\n<p class=\"my-0\">Formulare online (de exemplu, \u00eenregistrare la evenimente, creare cont, formulare de contact)<\/p>\n<\/li>\n<li>\n<p class=\"my-0\">Achizi\u021bii de rapoarte sau con\u021binut digital<\/p>\n<\/li>\n<li>\n<p class=\"my-0\">Abonarea la buletine informative sau comunic\u0103ri de marketing (utiliz\u00e2nd Brevo)<\/p>\n<\/li>\n<li>\n<p class=\"my-0\">Instrumente de analiz\u0103 \u0219i marketing, cum ar fi Google Analytics, Facebook Pixel \u0219i alte servicii<\/p>\n<\/li>\n<li>\n<p class=\"my-0\">Interac\u021biuni cu pagina noastr\u0103 de Facebook sau cu alte canale de social media<\/p>\n<\/li>\n<li>\n<p class=\"my-0\">Comunicare direct\u0103 cu echipa noastr\u0103<\/p>\n<\/li>\n<\/ul>\n<h2 id=\"5-purpose-and-legal-basis-for-processing\" class=\"mb-2 mt-6 text-lg font-[500] first:mt-0\">5. Scop \u0219i temei juridic pentru prelucrare<\/h2>\n<p class=\"my-0\">Prelucr\u0103m datele dumneavoastr\u0103 cu caracter personal \u00een urm\u0103toarele scopuri:<\/p>\n<ul class=\"marker:text-textOff list-disc\">\n<li>\n<p class=\"my-0\"><strong>Pentru a furniza serviciile noastre:<\/strong> procesarea achizi\u021biilor dvs., \u00eenregistrarea la evenimente \u0219i gestionarea contului dvs. de utilizator \u0219i a planului de loialitate (art. 6(1)(b) GDPR) <\/p>\n<\/li>\n<li>\n<p class=\"my-0\"><strong>Pentru a comunica cu dvs.:<\/strong> pentru a r\u0103spunde solicit\u0103rilor, pentru a trimite e-mailuri tranzac\u021bionale sau de marketing [articolul 6 alineatul (1) literele (a) \u0219i (f) din GDPR]. <\/p>\n<\/li>\n<li>\n<p class=\"my-0\"><strong>Pentru a respecta obliga\u021biile legale:<\/strong> facturare, contabilitate \u0219i conformitate cu reglement\u0103rile [articolul 6 alineatul (1) litera (c) din GDPR]. <\/p>\n<\/li>\n<li>\n<p class=\"my-0\"><strong>Pentru cercetare \u0219i analiz\u0103:<\/strong> \u00eembun\u0103t\u0103\u021birea serviciilor noastre, efectuarea de analize statistice \u0219i studii de pia\u021b\u0103 [articolul 6 alineatul (1) litera (f) din GDPR]. <\/p>\n<\/li>\n<li>\n<p class=\"my-0\"><strong>Cu consim\u021b\u0103m\u00e2ntul dumneavoastr\u0103:<\/strong> pentru comunic\u0103ri de marketing sau participarea la studii [articolul 6 alineatul (1) litera (a) din GDPR]. <\/p>\n<\/li>\n<li>\n<p class=\"my-0\"><strong>Pentru a gestiona prezen\u021ba noastr\u0103 pe re\u021belele de socializare:<\/strong> inclusiv administrarea paginii Facebook \u0219i r\u0103spunsul la mesaje sau comentarii [articolul 6 alineatul (1) litera (f) din GDPR]. <\/p>\n<\/li>\n<\/ul>\n<h2 id=\"6-marketing-and-analytics\" class=\"mb-2 mt-6 text-lg font-[500] first:mt-0\">6. Marketing \u0219i analiz\u0103<\/h2>\n<h3 class=\"mb-xs mt-5 text-base font-[525] first:mt-0\">6.1 Marketing prin e-mail<\/h3>\n<p class=\"my-0\">Utiliz\u0103m Brevo pentru a gestiona buletinele informative \u0219i e-mailurile de marketing. V\u0103 pute\u021bi dezabona \u00een orice moment urm\u00e2nd instruc\u021biunile din e-mailurile noastre sau contact\u00e2ndu-ne direct. Prelucr\u0103m datele dvs. \u00een scopuri de marketing numai cu consim\u021b\u0103m\u00e2ntul dvs. explicit sau, dup\u0103 caz, pe baza interesului legitim. Ave\u021bi dreptul de a v\u0103 opune comunic\u0103rilor de marketing \u00een orice moment. Pentru mai multe informa\u021bii, v\u0103 rug\u0103m s\u0103 consulta\u021bi <a href=\"https:\/\/www.brevo.com\/legal\/privacypolicy\/\" target=\"_blank\" rel=\"noopener\">Politica de confiden\u021bialitate a Brevo<\/a>.    <\/p>\n<h3 class=\"mb-xs mt-5 text-base font-[525] first:mt-0\">6.2 Google Analytics \u0219i alte servicii de marketing<\/h3>\n<p class=\"my-0\">Utiliz\u0103m Google Analytics \u0219i alte instrumente de marketing pentru a \u00een\u021belege modul \u00een care vizitatorii interac\u021bioneaz\u0103 cu site-ul nostru \u0219i pentru a ne \u00eembun\u0103t\u0103\u021bi serviciile. Aceste instrumente colecteaz\u0103 date precum adresa IP, informa\u021bii despre dispozitiv \u0219i comportamentul de navigare. Datele sunt colectate \u0219i prelucrate numai \u00een conformitate cu GDPR \u0219i dup\u0103 ce a\u021bi furnizat consim\u021b\u0103m\u00e2ntul explicit, acolo unde este necesar.  <\/p>\n<h3 class=\"mb-xs mt-5 text-base font-[525] first:mt-0\">6.3 Pagina Facebook \u0219i Pixel<\/h3>\n<p class=\"my-0\">Oper\u0103m o pagin\u0103 Facebook la <a class=\"break-word hover:text-super hover:decoration-super dark:hover:text-superDark dark:hover:decoration-superDark underline decoration-from-font underline-offset-1 transition-all duration-300\" href=\"https:\/\/www.facebook.com\/iSenseSolutions\" target=\"_blank\" rel=\"nofollow noopener\">https:\/\/www.facebook.com\/iSenseSolutions.<\/a> Atunci c\u00e2nd interac\u021biona\u021bi cu pagina noastr\u0103, Facebook poate colecta \u0219i prelucra datele dumneavoastr\u0103 \u00een calitate de operator comun cu noi. De asemenea, utiliz\u0103m Facebook Pixel pe site-ul nostru pentru analiz\u0103 \u0219i marketing direc\u021bionat, numai dup\u0103 ob\u021binerea consim\u021b\u0103m\u00e2ntului dumneavoastr\u0103. Pentru mai multe informa\u021bii, v\u0103 rug\u0103m s\u0103 consulta\u021bi <a class=\"break-word hover:text-super hover:decoration-super dark:hover:text-superDark dark:hover:decoration-superDark underline decoration-from-font underline-offset-1 transition-all duration-300\" href=\"https:\/\/www.facebook.com\/policy.php\" target=\"_blank\" rel=\"nofollow noopener\">Politica de date a Facebook<\/a>.   <\/p>\n<h2 id=\"7-data-sharing-and-disclosure\" class=\"mb-2 mt-6 text-lg font-[500] first:mt-0\">7. Schimbul \u0219i divulgarea datelor<\/h2>\n<p class=\"my-0\">Nu vindem datele dumneavoastr\u0103 cu caracter personal. Putem partaja datele dvs. cu: <\/p>\n<ul class=\"marker:text-textOff list-disc\">\n<li>\n<p class=\"my-0\">Furnizori de servicii (de exemplu, procesatori de pl\u0103\u021bi, Brevo, Google, Facebook)<\/p>\n<\/li>\n<li>\n<p class=\"my-0\">Autorit\u0103\u021bile juridice sau de reglementare, \u00een cazul \u00een care acestea sunt obligate prin lege<\/p>\n<\/li>\n<li>\n<p class=\"my-0\">Partenerii no\u0219tri de \u00eencredere, numai \u00een m\u0103sura \u00een care este necesar pentru furnizarea serviciilor noastre<\/p>\n<\/li>\n<\/ul>\n<p class=\"my-0\">Toate p\u0103r\u021bile ter\u021be sunt obligate s\u0103 respecte securitatea datelor dumneavoastr\u0103 \u0219i s\u0103 le prelucreze \u00een conformitate cu legea.<\/p>\n<h2 id=\"8-international-data-transfers\" class=\"mb-2 mt-6 text-lg font-[500] first:mt-0\">8. Transferuri interna\u021bionale de date<\/h2>\n<p class=\"my-0\">\u00cen cazul \u00een care datele dumneavoastr\u0103 sunt transferate \u00een afara Spa\u021biului Economic European (SEE), ne asigur\u0103m c\u0103 exist\u0103 garan\u021bii adecvate, cum ar fi clauze contractuale standard sau decizii de adecvare.<\/p>\n<h2 id=\"9-data-retention\" class=\"mb-2 mt-6 text-lg font-[500] first:mt-0\">9. P\u0103strarea datelor<\/h2>\n<p class=\"my-0\">P\u0103str\u0103m datele dvs. cu caracter personal doar at\u00e2t timp c\u00e2t este necesar pentru scopurile pentru care au fost colectate, \u00een conformitate cu legea sau p\u00e2n\u0103 c\u00e2nd solicita\u021bi \u0219tergerea acestora.<\/p>\n<h2 id=\"10-your-rights-under-gdpr\" class=\"mb-2 mt-6 text-lg font-[500] first:mt-0\">10. Drepturile dumneavoastr\u0103 \u00een temeiul GDPR<\/h2>\n<p class=\"my-0\">Ave\u021bi urm\u0103toarele drepturi cu privire la datele dumneavoastr\u0103 cu caracter personal:<\/p>\n<ul class=\"marker:text-textOff list-disc\">\n<li>\n<p class=\"my-0\"><strong>Dreptul de acces:<\/strong> ob\u021bine\u021bi confirmarea \u0219i o copie a datelor dumneavoastr\u0103 cu caracter personal<\/p>\n<\/li>\n<li>\n<p class=\"my-0\"><strong>Dreptul la rectificare:<\/strong> solicitarea corect\u0103rii datelor inexacte sau incomplete<\/p>\n<\/li>\n<li>\n<p class=\"my-0\"><strong>Dreptul la \u0219tergere (&#8222;dreptul de a fi uitat&#8221;):<\/strong> solicita\u021bi \u0219tergerea datelor dumneavoastr\u0103 \u00een anumite condi\u021bii<\/p>\n<\/li>\n<li>\n<p class=\"my-0\"><strong>Dreptul la restric\u021bionare:<\/strong> solicitarea limit\u0103rii prelucr\u0103rii \u00een anumite circumstan\u021be<\/p>\n<\/li>\n<li>\n<p class=\"my-0\"><strong>Dreptul la portabilitatea datelor:<\/strong> primi\u021bi datele dumneavoastr\u0103 \u00eentr-un format structurat, utilizat \u00een mod obi\u0219nuit<\/p>\n<\/li>\n<li>\n<p class=\"my-0\"><strong>Dreptul la opozi\u021bie:<\/strong> opozi\u021bie fa\u021b\u0103 de prelucrarea bazat\u0103 pe interese legitime sau marketing direct<\/p>\n<\/li>\n<li>\n<p class=\"my-0\"><strong>Dreptul de a retrage consim\u021b\u0103m\u00e2ntul:<\/strong> \u00een orice moment, \u00een cazul \u00een care prelucrarea se bazeaz\u0103 pe consim\u021b\u0103m\u00e2nt<\/p>\n<\/li>\n<\/ul>\n<p class=\"my-0\">Pentru a exercita oricare dintre aceste drepturi, v\u0103 rug\u0103m s\u0103 ne contacta\u021bi la <a class=\"break-word hover:text-super hover:decoration-super dark:hover:text-superDark dark:hover:decoration-superDark underline decoration-from-font underline-offset-1 transition-all duration-300\" href=\"mailto:contact@isensesolutions.com\" target=\"_blank\" rel=\"nofollow noopener\">contact@isensesolutions.com.<\/a><\/p>\n<h2 id=\"11-data-security\" class=\"mb-2 mt-6 text-lg font-[500] first:mt-0\">11. Securitatea datelor<\/h2>\n<p class=\"my-0\">Implement\u0103m m\u0103suri tehnice \u0219i organiza\u021bionale adecvate pentru a v\u0103 proteja datele cu caracter personal \u00eempotriva accesului neautorizat, pierderii, utiliz\u0103rii abuzive sau divulg\u0103rii.<\/p>\n<h2 id=\"12-childrens-privacy\" class=\"mb-2 mt-6 text-lg font-[500] first:mt-0\">12. Via\u021ba privat\u0103 a copiilor<\/h2>\n<p class=\"my-0\">Site-ul \u0219i serviciile noastre nu sunt destinate copiilor sub v\u00e2rsta de 16 ani. Nu colect\u0103m \u00een mod deliberat date de la copii. <\/p>\n<h2 id=\"13-changes-to-this-policy\" class=\"mb-2 mt-6 text-lg font-[500] first:mt-0\">13. Modific\u0103ri ale prezentei politici<\/h2>\n<p class=\"my-0\">Putem actualiza aceast\u0103 Politic\u0103 de confiden\u021bialitate din c\u00e2nd \u00een c\u00e2nd. Orice modific\u0103ri vor fi postate pe aceast\u0103 pagin\u0103 cu o dat\u0103 de revizuire actualizat\u0103. Utilizarea \u00een continuare a site-ului nostru constituie acceptarea politicii actualizate.  <\/p>\n<h2 id=\"14-contact\" class=\"mb-2 mt-6 text-lg font-[500] first:mt-0\">14. Contact<\/h2>\n<p class=\"my-0\">Pentru orice \u00eentreb\u0103ri sau solicit\u0103ri referitoare la datele dvs. personale sau la prezenta Politic\u0103 de confiden\u021bialitate, v\u0103 rug\u0103m s\u0103 contacta\u021bi:<\/p>\n<p class=\"my-0\"><strong>iSense Solutions<\/strong><br \/>\nE-mail: <a class=\"break-word hover:text-super hover:decoration-super dark:hover:text-superDark dark:hover:decoration-superDark underline decoration-from-font underline-offset-1 transition-all duration-300\" href=\"mailto:contact@isensesolutions.com\" target=\"_blank\" rel=\"nofollow noopener\">contact@isensesolutions.com<\/a><br \/>\nTelefon: +40 773 835 659<br \/>\nAdresa de coresponden\u021b\u0103: Str: Strada Buze\u0219ti nr. 75-77, Etaj 11, Sector 1, Bucure\u0219ti, Rom\u00e2nia<\/p>\n<p class=\"my-0\"><strong>Aceast\u0103 Politic\u0103 de confiden\u021bialitate este redactat\u0103 \u00een conformitate cu GDPR \u0219i cu legisla\u021bia rom\u00e2n\u0103 privind protec\u021bia datelor. Pentru detalii privind utilizarea de c\u0103tre noi a cookie-urilor \u0219i a tehnologiilor similare, v\u0103 rug\u0103m s\u0103 consulta\u021bi <a href=\"https:\/\/isensesolutions.com\/ro\/politica-de-utilizare-cookies\/\">Politica noastr\u0103 separat\u0103 privind cookie-urile<\/a>. <\/strong><\/p>\n<p>Ultima actualizare: 28 aprilie 2025[\/vc_column_text][\/vc_column_inner][\/vc_row_inner][\/vc_column][\/vc_row][\/vc_section]<\/p>\n<\/div>","protected":false},"excerpt":{"rendered":"<p>[vc_section][vc_row][vc_column][vc_row_inner][vc_column_inner][vc_column_text] 1. Introducere Aceast\u0103 politic\u0103 de confiden\u021bialitate explic\u0103 modul \u00een care iSense Solutions SRL (&#8222;noi&#8221;, &#8222;ne&#8221;, &#8222;nostru&#8221;) colecteaz\u0103, utilizeaz\u0103, stocheaz\u0103 \u0219i protejeaz\u0103 datele dvs. cu caracter personal atunci c\u00e2nd utiliza\u021bi site-ul nostru https:\/\/isensesolutions.com, achizi\u021biona\u021bi rapoarte, v\u0103 \u00eenregistra\u021bi la evenimente, crea\u021bi un cont sau interac\u021biona\u021bi cu serviciile noastre digitale, inclusiv pagina noastr\u0103 de Facebook \u0219i comunic\u0103rile [&hellip;]<\/p>\n","protected":false},"author":76,"featured_media":0,"parent":0,"menu_order":0,"comment_status":"closed","ping_status":"closed","template":"","meta":{"footnotes":""},"class_list":["post-8336","page","type-page","status-publish","hentry"],"_links":{"self":[{"href":"https:\/\/isensesolutions.com\/ro\/wp-json\/wp\/v2\/pages\/8336","targetHints":{"allow":["GET"]}}],"collection":[{"href":"https:\/\/isensesolutions.com\/ro\/wp-json\/wp\/v2\/pages"}],"about":[{"href":"https:\/\/isensesolutions.com\/ro\/wp-json\/wp\/v2\/types\/page"}],"author":[{"embeddable":true,"href":"https:\/\/isensesolutions.com\/ro\/wp-json\/wp\/v2\/users\/76"}],"replies":[{"embeddable":true,"href":"https:\/\/isensesolutions.com\/ro\/wp-json\/wp\/v2\/comments?post=8336"}],"version-history":[{"count":0,"href":"https:\/\/isensesolutions.com\/ro\/wp-json\/wp\/v2\/pages\/8336\/revisions"}],"wp:attachment":[{"href":"https:\/\/isensesolutions.com\/ro\/wp-json\/wp\/v2\/media?parent=8336"}],"curies":[{"name":"wp","href":"https:\/\/api.w.org\/{rel}","templated":true}]}}