{"id":7746,"date":"2025-03-25T17:53:21","date_gmt":"2025-03-25T15:53:21","guid":{"rendered":"https:\/\/isensesolutions.com\/contact\/"},"modified":"2025-06-06T14:31:23","modified_gmt":"2025-06-06T11:31:23","slug":"contact","status":"publish","type":"page","link":"https:\/\/isensesolutions.com\/ro\/contact\/","title":{"rendered":"Contact"},"content":{"rendered":"<div class=\"wpb-content-wrapper\"><p>[vc_row css=&#8221;.vc_custom_1742918263680{margin-bottom: 120px !important;background-color: #ff0000 !important;}&#8221;][vc_column width=&#8221;1\/4&#8243; offset=&#8221;vc_col-lg-3 vc_col-md-6 vc_col-sm-12 vc_col-xs-12&#8243;]<div class=\"wpb_content_element \"><style type=\"text\/css\">#ut_sc_69e4e8bf18229 .ut-service-column h3 { color: #ffffff; }#ut_sc_69e4e8bf18229 .ut-service-column.ut-service-column-horiz h3 { font-size:18px !important;letter-spacing:-0.03em; }#ut_sc_69e4e8bf18229 .ut-service-column.ut-service-column-horiz p { font-size:16px !important;line-height:30px !important; }#ut_sc_69e4e8bf18229 .ut-service-column p { color: #ffffff; }#ut_sc_69e4e8bf18229 .ut-service-column p { margin-top: 0px; }#ut_sc_69e4e8bf18229 .ut-service-column a.ut-service-column-link { font-size: 12px; }#ut-svg-69e4e8bf1822a { display:none; }#ut-svg-69e4e8bf1822a.ut-svg-loaded { display:block; }#ut-svg-69e4e8bf1822a path { stroke:rgba(255, 0, 0, 1); }<\/style><div id=\"ut_sc_69e4e8bf18229\"  class=\"ut-horizontal-style ut-horizontal-style-align-left  clearfix \" ><figure class=\"ut-service-icon  ut-service-icon-normal ut-service-icon-large\"><i style=\"color: #ffffff;\" class=\"fa fa fa-solid fa fa-phone\"><\/i><\/figure><div class=\"ut-service-column ut-service-column-horiz\"><h3 data-responsive-font=\"h3\" data-responsive-font-settings=\"{&quot;base-font-size&quot;:&quot;global&quot;,&quot;font-size&quot;:{&quot;desktop_large&quot;:&quot;18&quot;},&quot;base-line-height&quot;:&quot;global&quot;,&quot;base-letter-spacing&quot;:&quot;global&quot;,&quot;letter-spacing&quot;:{&quot;desktop_large&quot;:&quot;-0.03&quot;}}\">ORICE \u00ceNTREBARE LA<\/h3><p class=\"element-with-custom-line-height\" data-responsive-font=\"p\" data-responsive-font-settings=\"{&quot;base-font-size&quot;:&quot;global&quot;,&quot;font-size&quot;:{&quot;desktop_large&quot;:&quot;16&quot;},&quot;base-line-height&quot;:&quot;global&quot;,&quot;line-height&quot;:{&quot;desktop_large&quot;:&quot;30&quot;},&quot;base-letter-spacing&quot;:&quot;global&quot;}\"><a href=\"tel:+40773835659\"><span style=\"font-size: small; color: #fff;\">(+40) 773 835 659<\/span><\/a><\/p><\/div><\/div><\/div>[\/vc_column][vc_column width=&#8221;1\/4&#8243; offset=&#8221;vc_col-lg-3 vc_col-md-6 vc_col-sm-12 vc_col-xs-12&#8243;]<div class=\"wpb_content_element \"><style type=\"text\/css\">#ut_sc_69e4e8bf1bb73 .ut-service-column h3 { color: #ffffff; }#ut_sc_69e4e8bf1bb73 .ut-service-column.ut-service-column-horiz h3 { font-size:18px !important;letter-spacing:-0.03em; }#ut_sc_69e4e8bf1bb73 .ut-service-column.ut-service-column-horiz p { font-size:16px !important;line-height:30px !important; }#ut_sc_69e4e8bf1bb73 .ut-service-column p { color: #ffffff; }#ut_sc_69e4e8bf1bb73 .ut-service-column p { margin-top: 0px; }#ut_sc_69e4e8bf1bb73 .ut-service-column a.ut-service-column-link { font-size: 12px; }#ut-svg-69e4e8bf1bb74 { display:none; }#ut-svg-69e4e8bf1bb74.ut-svg-loaded { display:block; }#ut-svg-69e4e8bf1bb74 path { stroke:rgba(255, 0, 0, 1); }<\/style><div id=\"ut_sc_69e4e8bf1bb73\"  class=\"ut-horizontal-style ut-horizontal-style-align-left  clearfix \" ><figure class=\"ut-service-icon  ut-service-icon-normal ut-service-icon-large\"><i style=\"color: #ffffff;\" class=\"fa fa fa-solid fa fa-home\"><\/i><\/figure><div class=\"ut-service-column ut-service-column-horiz\"><h3 data-responsive-font=\"h3\" data-responsive-font-settings=\"{&quot;base-font-size&quot;:&quot;global&quot;,&quot;font-size&quot;:{&quot;desktop_large&quot;:&quot;18&quot;},&quot;base-line-height&quot;:&quot;global&quot;,&quot;base-letter-spacing&quot;:&quot;global&quot;,&quot;letter-spacing&quot;:{&quot;desktop_large&quot;:&quot;-0.03&quot;}}\">75-77 BUZE\u0218TI<\/h3><p class=\"element-with-custom-line-height\" data-responsive-font=\"p\" data-responsive-font-settings=\"{&quot;base-font-size&quot;:&quot;global&quot;,&quot;font-size&quot;:{&quot;desktop_large&quot;:&quot;16&quot;},&quot;base-line-height&quot;:&quot;global&quot;,&quot;line-height&quot;:{&quot;desktop_large&quot;:&quot;30&quot;},&quot;base-letter-spacing&quot;:&quot;global&quot;}\"><span style=\"font-size: small;\">Bucure\u0219ti, RO 011013<\/p><\/div><\/div><\/div>[\/vc_column][vc_column width=&#8221;1\/4&#8243; offset=&#8221;vc_col-lg-3 vc_col-md-6 vc_col-sm-12 vc_col-xs-12&#8243;]<div class=\"wpb_content_element \"><style type=\"text\/css\">#ut_sc_69e4e8bf1bbcd .ut-service-column h3 { color: #ffffff; }#ut_sc_69e4e8bf1bbcd .ut-service-column.ut-service-column-horiz h3 { font-size:18px !important;letter-spacing:-0.03em; }#ut_sc_69e4e8bf1bbcd .ut-service-column.ut-service-column-horiz p { font-size:16px !important;line-height:30px !important; }#ut_sc_69e4e8bf1bbcd .ut-service-column p { color: #ffffff; }#ut_sc_69e4e8bf1bbcd .ut-service-column p { margin-top: 0px; }#ut_sc_69e4e8bf1bbcd .ut-service-column a.ut-service-column-link { font-size: 12px; }#ut-svg-69e4e8bf1bbce { display:none; }#ut-svg-69e4e8bf1bbce.ut-svg-loaded { display:block; }#ut-svg-69e4e8bf1bbce path { stroke:rgba(255, 0, 0, 1); }<\/style><div id=\"ut_sc_69e4e8bf1bbcd\"  class=\"ut-horizontal-style ut-horizontal-style-align-left  clearfix \" ><figure class=\"ut-service-icon  ut-service-icon-normal ut-service-icon-large\"><i style=\"color: #ffffff;\" class=\"fa fa fa-regular fa fa-clock\"><\/i><\/figure><div class=\"ut-service-column ut-service-column-horiz\"><h3 data-responsive-font=\"h3\" data-responsive-font-settings=\"{&quot;base-font-size&quot;:&quot;global&quot;,&quot;font-size&quot;:{&quot;desktop_large&quot;:&quot;18&quot;},&quot;base-line-height&quot;:&quot;global&quot;,&quot;base-letter-spacing&quot;:&quot;global&quot;,&quot;letter-spacing&quot;:{&quot;desktop_large&quot;:&quot;-0.03&quot;}}\">LUNI - VINERI<\/h3><p class=\"element-with-custom-line-height\" data-responsive-font=\"p\" data-responsive-font-settings=\"{&quot;base-font-size&quot;:&quot;global&quot;,&quot;font-size&quot;:{&quot;desktop_large&quot;:&quot;16&quot;},&quot;base-line-height&quot;:&quot;global&quot;,&quot;line-height&quot;:{&quot;desktop_large&quot;:&quot;30&quot;},&quot;base-letter-spacing&quot;:&quot;global&quot;}\"><span style=\"font-size: small;\">9 am &#8211; 6 pm<\/p><\/div><\/div><\/div>[\/vc_column][vc_column width=&#8221;1\/4&#8243; offset=&#8221;vc_col-lg-3 vc_col-md-6 vc_col-sm-12 vc_col-xs-12&#8243;]<div class=\"wpb_content_element \"><style type=\"text\/css\">#ut_sc_69e4e8bf1bc21 .ut-service-column h3 { color: #ffffff; }#ut_sc_69e4e8bf1bc21 .ut-service-column.ut-service-column-horiz h3 { font-size:18px !important;letter-spacing:-0.03em; }#ut_sc_69e4e8bf1bc21 .ut-service-column.ut-service-column-horiz p { font-size:16px !important;line-height:30px !important; }#ut_sc_69e4e8bf1bc21 .ut-service-column p { color: #ffffff; }#ut_sc_69e4e8bf1bc21 .ut-service-column p { margin-top: 0px; }#ut_sc_69e4e8bf1bc21 .ut-service-column a.ut-service-column-link { font-size: 12px; }#ut-svg-69e4e8bf1bc22 { display:none; }#ut-svg-69e4e8bf1bc22.ut-svg-loaded { display:block; }#ut-svg-69e4e8bf1bc22 path { stroke:rgba(255, 0, 0, 1); }<\/style><div id=\"ut_sc_69e4e8bf1bc21\"  class=\"ut-horizontal-style ut-horizontal-style-align-left  clearfix \" ><figure class=\"ut-service-icon  ut-service-icon-normal ut-service-icon-large\"><i style=\"color: #ffffff;\" class=\"fa fa fa-regular fa fa-envelope\"><\/i><\/figure><div class=\"ut-service-column ut-service-column-horiz\"><h3 data-responsive-font=\"h3\" data-responsive-font-settings=\"{&quot;base-font-size&quot;:&quot;global&quot;,&quot;font-size&quot;:{&quot;desktop_large&quot;:&quot;18&quot;},&quot;base-line-height&quot;:&quot;global&quot;,&quot;base-letter-spacing&quot;:&quot;global&quot;,&quot;letter-spacing&quot;:{&quot;desktop_large&quot;:&quot;-0.03&quot;}}\">TRIMITE\u021aI MESAJUL DVS. LA<\/h3><p class=\"element-with-custom-line-height\" data-responsive-font=\"p\" data-responsive-font-settings=\"{&quot;base-font-size&quot;:&quot;global&quot;,&quot;font-size&quot;:{&quot;desktop_large&quot;:&quot;16&quot;},&quot;base-line-height&quot;:&quot;global&quot;,&quot;line-height&quot;:{&quot;desktop_large&quot;:&quot;30&quot;},&quot;base-letter-spacing&quot;:&quot;global&quot;}\"><a href=\"mailto:contact@isensesolutions.com\"><span style=\"font-size: small; color: #fff;\">contact@isensesolutions.com<\/span><\/a><\/p><\/div><\/div><\/div>[\/vc_column][\/vc_row][vc_row][vc_column][vc_row_inner equal_height=&#8221;yes&#8221; content_placement=&#8221;middle&#8221;][vc_column_inner width=&#8221;1\/2&#8243;]<div  class=\"wpb_content_element   clearfix\"><style type=\"text\/css\">#ut_am_69e4e8bf1bf45 { opacity: 1; }#ut_am_wrap_69e4e8bf1bf46 { text-align: left; }@media (min-width: 768px) and (max-width: 1024px) { #ut_am_wrap_69e4e8bf1bf46 { text-align: left !important; } }@media (max-width: 767px) { #ut_am_wrap_69e4e8bf1bf46 { text-align: center !important; } }<\/style><div id=\"ut_am_wrap_69e4e8bf1bf46\" class=\"ut-image-gallery-image \"><div id=\"ut_reveal_69e4e8bf1bf47\"  data-appear-top-offset=\"auto\" class=\"ut-animated-image-item ut-image-gallery-item ut-animation-done \"><a class=\"ut-deactivated-link\" href=\"#\"><div class=\"ut-animated-image-zoom\">\r\n        <div class=\"ut-element-glitch-wrap\">\r\n\r\n            \r\n        <style type=\"text\/css\">\r\n\r\n                        \r\n        @media (min-width: 1025px) {\r\n\r\n        #ut-element-glitch-69e4e8bf1bf5c787640670-3831 .ut-glitch-single-element {\r\n                                            \r\n                }\r\n        }\r\n\r\n        @media (min-width: 768px) and (max-width: 1024px) {\r\n\r\n        #ut-element-glitch-69e4e8bf1bf5c787640670-3831 .ut-glitch-single-element {\r\n                                                \r\n                    }\r\n        }\r\n\r\n        @media (max-width: 767px) {\r\n\r\n        #ut-element-glitch-69e4e8bf1bf5c787640670-3831 .ut-glitch-single-element {\r\n                                                \r\n                    }\r\n        }\r\n\r\n        \r\n        <\/style>\r\n\r\n        \r\n            <div id=\"ut-element-glitch-69e4e8bf1bf5c787640670-3831\" class=\" ut-element-glitch ut-glitch-none ut-element-glitch-permanent\">\r\n                <div class=\"ut-glitch-single-element ut-lozad skip-lazy\" data-background-image=\"https:\/\/isensesolutions.com\/wp-content\/uploads\/2025\/03\/map-isense-worldwide-presence.png\"><\/div>\r\n                <div class=\"ut-glitch-single-element ut-lozad skip-lazy\" data-background-image=\"https:\/\/isensesolutions.com\/wp-content\/uploads\/2025\/03\/map-isense-worldwide-presence.png\"><\/div>\r\n                <div class=\"ut-glitch-single-element ut-lozad skip-lazy\" data-background-image=\"https:\/\/isensesolutions.com\/wp-content\/uploads\/2025\/03\/map-isense-worldwide-presence.png\"><\/div>\r\n                <div class=\"ut-glitch-single-element ut-lozad skip-lazy\" data-background-image=\"https:\/\/isensesolutions.com\/wp-content\/uploads\/2025\/03\/map-isense-worldwide-presence.png\"><\/div>\r\n                <div class=\"ut-glitch-single-element ut-lozad skip-lazy\" data-background-image=\"https:\/\/isensesolutions.com\/wp-content\/uploads\/2025\/03\/map-isense-worldwide-presence.png\"><\/div>\r\n            <\/div>\r\n\r\n        <\/div>\r\n\r\n        <img loading=\"lazy\" decoding=\"async\" class=\"ut-lazy skip-lazy ut-animated-image \" id=\"ut_am_69e4e8bf1bf45\" src=\"data:image\/svg+xml;charset=utf-8,%3Csvg xmlns%3D&#039;http%3A%2F%2Fwww.w3.org%2F2000%2Fsvg&#039; viewBox%3D&#039;0 0 752 442&#039;%2F%3E\" data-src=\"https:\/\/isensesolutions.com\/wp-content\/uploads\/2025\/03\/map-isense-worldwide-presence.png\" width=\"752\" height=\"442\" alt=\"\"><\/div><\/a><\/div><\/div><\/div>[\/vc_column_inner][vc_column_inner width=&#8221;1\/4&#8243;][vc_column_text]\u00a0<\/span><\/span><\/p>\n<ul style=\"color: red; font-size: 25px;\">\n<li><span style=\"color: #141618;\">New York<\/span><\/li>\n<li><span style=\"color: #141618;\">Lille<\/span><\/li>\n<li><span style=\"color: #141618;\">Nice<\/span><\/li>\n<li><span style=\"color: #141618;\">Frankfurt<\/span><\/li>\n<\/ul>\n<p>[\/vc_column_text][\/vc_column_inner][vc_column_inner width=&#8221;1\/4&#8243;][vc_column_text]<\/p>\n<ul style=\"color: red; font-size: 25px;\">\n<li><span style=\"color: #141618;\">Londra<\/span><\/li>\n<li><span style=\"color: #141618;\">Dubai<\/span><\/li>\n<li><a href=\"mailto:contact@isensesolutions.com\"><span style=\"color: #141618;\">Bucure\u0219ti (HQ)<\/span><\/a><\/li>\n<\/ul>\n<p>[\/vc_column_text][\/vc_column_inner][\/vc_row_inner][vc_row_inner gap=&#8221;1&#8243; css=&#8221;.vc_custom_1744571341859{margin-bottom: 75px !important;}&#8221;][vc_column_inner width=&#8221;1\/3&#8243;][vc_column_text css=&#8221;.vc_custom_1742664682154{padding-top: 50px !important;padding-bottom: 50px !important;}&#8221;]<\/p>\n<p style=\"text-align: center;\"><strong><span style=\"color: red; font-size: 50px;\">60M+<\/span><\/strong><br \/>\nOnline respondents<\/p>\n<p>[\/vc_column_text][\/vc_column_inner][vc_column_inner width=&#8221;1\/3&#8243;][vc_column_text css=&#8221;.vc_custom_1742665177941{padding-top: 50px !important;padding-bottom: 50px !important;background-color: #ff0000 !important;}&#8221;]<\/p>\n<p style=\"text-align: center;\"><strong><span style=\"color: white; font-size: 50px;\">80+<\/span><\/strong><br \/>\n<span style=\"color: white;\">Countries<\/span><\/p>\n<p>[\/vc_column_text][\/vc_column_inner][vc_column_inner width=&#8221;1\/3&#8243;][vc_column_text css=&#8221;.vc_custom_1742665233930{padding-top: 50px !important;padding-bottom: 50px !important;background-color: #ff0000 !important;}&#8221;]<\/p>\n<p style=\"text-align: center;\"><strong><span style=\"color: white; font-size: 50px;\">F2F, CATI<\/span><\/strong><br \/>\n<span style=\"color: white;\">And Qualitative facilities<\/span><\/p>\n<p>[\/vc_column_text][\/vc_column_inner][\/vc_row_inner][\/vc_column][\/vc_row][vc_row][vc_column css=&#8221;.vc_custom_1475795445815{padding-top: 0px !important;}&#8221;][vc_custom_heading text=&#8221;Ia leg\u0103tura cu noi&#8221; font_container=&#8221;tag:h6|font_size:25px|text_align:left|color:%23dddddd&#8221; use_theme_fonts=&#8221;yes&#8221; css=&#8221;&#8221; text_transform=&#8221;uppercase&#8221;]<div class=\"wpb_content_element \"><style type=\"text\/css\">#ut_header_69e4e8bf1c423 h2.section-title { font-size:80px !important;line-height:88px !important;letter-spacing:-0.05em; }<\/style><header id=\"ut_header_69e4e8bf1c423\" class=\"section-header  ut-no-title-linebreak-mobile ut-no-lead-linebreak-mobile pt-style-2 header-center header-tablet-center header-mobile-center element-with-custom-line-height\"><div class=\"element-with-custom-line-height\" ><h2 data-title=\"Contact\"  data-responsive-font=\"section_title\" data-responsive-font-settings=\"{&quot;base-font-size&quot;:&quot;global&quot;,&quot;font-size&quot;:{&quot;desktop_large&quot;:&quot;80&quot;},&quot;base-line-height&quot;:&quot;global&quot;,&quot;line-height&quot;:{&quot;desktop_large&quot;:&quot;88&quot;},&quot;base-letter-spacing&quot;:&quot;global&quot;,&quot;letter-spacing&quot;:{&quot;desktop_large&quot;:&quot;-0.05&quot;}}\" class=\"section-title  \"><span>Contact<\/span><\/h2><\/div><div data-delay=\"0\" class=\"lead \"><p>V\u0103 rug\u0103m s\u0103 completa\u021bi formularul de mai jos. Toate c\u00e2mpurile care au un <span style=\"color: red;\">*<\/span> sunt obligatorii.<\/p>\n<\/div><\/header><\/div>[\/vc_column][\/vc_row][vc_row][vc_column width=&#8221;2\/3&#8243;]<div class=\"wpb_content_element  \">\n<div class=\"wpcf7 no-js\" id=\"wpcf7-f7799-o1\" lang=\"ro-RO\" dir=\"ltr\" data-wpcf7-id=\"7799\">\n<div class=\"screen-reader-response\"><p role=\"status\" aria-live=\"polite\" aria-atomic=\"true\"><\/p> <ul><\/ul><\/div>\n<form action=\"\/ro\/wp-json\/wp\/v2\/pages\/7746#wpcf7-f7799-o1\" method=\"post\" class=\"wpcf7-form init\" aria-label=\"Formular de contact\" novalidate=\"novalidate\" data-status=\"init\">\n<fieldset class=\"hidden-fields-container\"><input type=\"hidden\" name=\"_wpcf7\" value=\"7799\" \/><input type=\"hidden\" name=\"_wpcf7_version\" value=\"6.1.5\" \/><input type=\"hidden\" name=\"_wpcf7_locale\" value=\"ro_RO\" \/><input type=\"hidden\" name=\"_wpcf7_unit_tag\" value=\"wpcf7-f7799-o1\" \/><input type=\"hidden\" name=\"_wpcf7_container_post\" value=\"0\" \/><input type=\"hidden\" name=\"_wpcf7_posted_data_hash\" value=\"\" \/><input type=\"hidden\" name=\"_wpcf7_recaptcha_response\" value=\"\" \/>\n<\/fieldset>\n<div class=\"row-fields\">\n  <div class=\"field-wrap\">\n    <label>Prenume*<\/label>\n    <span class=\"wpcf7-form-control-wrap\" data-name=\"rep-first-name\"><input size=\"40\" maxlength=\"400\" class=\"wpcf7-form-control wpcf7-text wpcf7-validates-as-required\" autocomplete=\"name\" aria-required=\"true\" aria-invalid=\"false\" value=\"\" type=\"text\" name=\"rep-first-name\" \/><\/span>\n  <\/div>\n  <div class=\"field-wrap\">\n    <label>Nume*<\/label>\n    <span class=\"wpcf7-form-control-wrap\" data-name=\"rep-last-name\"><input size=\"40\" maxlength=\"400\" class=\"wpcf7-form-control wpcf7-text wpcf7-validates-as-required\" autocomplete=\"name\" aria-required=\"true\" aria-invalid=\"false\" value=\"\" type=\"text\" name=\"rep-last-name\" \/><\/span>\n  <\/div>\n<\/div>\n\n<div class=\"field-wrap\">\n  <label>Companie*<\/label>\n  <span class=\"wpcf7-form-control-wrap\" data-name=\"company-name\"><input size=\"40\" maxlength=\"400\" class=\"wpcf7-form-control wpcf7-text wpcf7-validates-as-required\" aria-required=\"true\" aria-invalid=\"false\" value=\"\" type=\"text\" name=\"company-name\" \/><\/span>\n<\/div>\n\n<div class=\"row-fields\">\n  <div class=\"field-wrap\">\n    <label>Adres\u0103 e-mail*<\/label>\n    <span class=\"wpcf7-form-control-wrap\" data-name=\"customer-email\"><input size=\"40\" maxlength=\"400\" class=\"wpcf7-form-control wpcf7-email wpcf7-validates-as-required wpcf7-text wpcf7-validates-as-email\" autocomplete=\"email\" aria-required=\"true\" aria-invalid=\"false\" value=\"\" type=\"email\" name=\"customer-email\" \/><\/span>\n  <\/div>\n  <div class=\"field-wrap\">\n    <label>Telefon<\/label>\n    <span class=\"wpcf7-form-control-wrap\" data-name=\"business-phone\"><input size=\"40\" maxlength=\"400\" class=\"wpcf7-form-control wpcf7-tel wpcf7-text wpcf7-validates-as-tel\" aria-invalid=\"false\" value=\"\" type=\"tel\" name=\"business-phone\" \/><\/span>\n  <\/div>\n<\/div>\n\n<div class=\"field-wrap\">\n  <label>Sunt interesat\/\u0103 de:<\/label>\n  <span class=\"wpcf7-form-control-wrap\" data-name=\"interest\"><select class=\"wpcf7-form-control wpcf7-select\" aria-invalid=\"false\" name=\"interest\"><option value=\"Ofert\u0103 de cercetare\">Ofert\u0103 de cercetare<\/option><option value=\"Rapoarte gata realizate\">Rapoarte gata realizate<\/option><option value=\"Parteneriat\">Parteneriat<\/option><option value=\"Evenimente\">Evenimente<\/option><option value=\"Locuri de munc\u0103\">Locuri de munc\u0103<\/option><option value=\"Altele\">Altele<\/option><\/select><\/span>\n<\/div>\n\n<div class=\"field-wrap\">\n  <label>Mesaj<\/label>\n  <span class=\"wpcf7-form-control-wrap\" data-name=\"customer-message\"><textarea cols=\"40\" rows=\"10\" maxlength=\"2000\" class=\"wpcf7-form-control wpcf7-textarea\" aria-invalid=\"false\" name=\"customer-message\"><\/textarea><\/span>\n<\/div>\n\n<div class=\"submit-left\">\n  <input class=\"wpcf7-form-control wpcf7-submit has-spinner\" type=\"submit\" value=\"Trimite\" \/>\n<\/div><div class=\"wpcf7-response-output\" aria-hidden=\"true\"><\/div>\n<\/form>\n<\/div>\n<\/div>[\/vc_column][vc_column width=&#8221;1\/3&#8243;][vc_column_text]<\/p>\n<h3 style=\"color: red;\"><strong>INSTRUMENTE DE CERCETARE INOVATOARE<\/strong><\/h3>\n<p>Folosim tehnologii de ultim\u0103 genera\u021bie precum SenseCommunities, eye-tracking \u0219i analiza EEG pentru a oferi insight-uri ac\u021bionabile, adaptate nevoilor afacerii tale.[\/vc_column_text][vc_column_text]<\/p>\n<h3 style=\"color: red;\"><strong>PARTENERUL T\u0102U DE \u00ceNCREDERE<\/strong><\/h3>\n<p>Cu peste 10 ani de expertiz\u0103 \u0219i colabor\u0103ri cu peste 300 de clien\u021bi, oferim solu\u021bii personalizate care genereaz\u0103 rezultate m\u0103surabile \u0219i un ROI mai ridicat.[\/vc_column_text]<div class=\"wpb_content_element \"><style class=\"bklyn-inline-styles\" type=\"text\/css\">#ut_scb_69e4e8bf1d9f2.ut-project-sc { border-color: #efefef; }#ut_scb_69e4e8bf1d9f2.ut-project-sc .widget-title { color: #333333; }#ut_scb_69e4e8bf1d9f2 .ut-share-link:hover { color: rgba(255, 0, 0, 1); }#ut_scb_69e4e8bf1d9f2 .ut-share-link:focus { color: rgba(255, 0, 0, 1); }#ut_scb_69e4e8bf1d9f2 .ut-share-link:active { color: rgba(255, 0, 0, 1); }<\/style><ul id=\"ut_scb_69e4e8bf1d9f2\" class=\"ut-project-sc clearfix  ut-project-sc-left ut-project-sc-tablet-left ut-project-sc-mobile-center\"><li><h6 class=\"widget-title\"><span>SHARE:<\/span><\/h6><\/li><li><a class=\"ut-share-link sc-facebook\" data-social=\"utsharefacebook\"><i class=\"fa fa-facebook\"><\/i><\/a><\/li><li><a class=\"ut-share-link sc-twitter\" data-social=\"utsharetwitter\"><i class=\"fa-brands fa-x-twitter\"><\/i><\/a><\/li><li><a class=\"ut-share-link sc-linkedin\" data-social=\"utsharelinkedin\"><i class=\"fa fa-linkedin\"><\/i><\/a><\/li><li><a class=\"ut-share-link sc-pinterest\" data-social=\"utsharepinterest\"><i class=\"fa fa-pinterest\"><\/i><\/a><\/li><li><a class=\"ut-share-link sc-xing\" data-social=\"utsharexing\"><i class=\"fa fa-xing\"><\/i><\/a><\/li><\/ul><\/div>[\/vc_column][\/vc_row]<\/p>\n<\/div>","protected":false},"excerpt":{"rendered":"<p>[vc_row css=&#8221;.vc_custom_1742918263680{margin-bottom: 120px !important;background-color: #ff0000 !important;}&#8221;][vc_column width=&#8221;1\/4&#8243; offset=&#8221;vc_col-lg-3 vc_col-md-6 vc_col-sm-12 vc_col-xs-12&#8243;][\/vc_column][vc_column width=&#8221;1\/4&#8243; offset=&#8221;vc_col-lg-3 vc_col-md-6 vc_col-sm-12 vc_col-xs-12&#8243;][\/vc_column][vc_column width=&#8221;1\/4&#8243; offset=&#8221;vc_col-lg-3 vc_col-md-6 vc_col-sm-12 vc_col-xs-12&#8243;][\/vc_column][vc_column width=&#8221;1\/4&#8243; offset=&#8221;vc_col-lg-3 vc_col-md-6 vc_col-sm-12 vc_col-xs-12&#8243;][\/vc_column][\/vc_row][vc_row][vc_column][vc_row_inner equal_height=&#8221;yes&#8221; content_placement=&#8221;middle&#8221;][vc_column_inner width=&#8221;1\/2&#8243;][\/vc_column_inner][vc_column_inner width=&#8221;1\/4&#8243;][vc_column_text]\u00a0 New York Lille Nice Frankfurt [\/vc_column_text][\/vc_column_inner][vc_column_inner width=&#8221;1\/4&#8243;][vc_column_text] Londra Dubai Bucure\u0219ti (HQ) [\/vc_column_text][\/vc_column_inner][\/vc_row_inner][vc_row_inner gap=&#8221;1&#8243; css=&#8221;.vc_custom_1744571341859{margin-bottom: 75px !important;}&#8221;][vc_column_inner width=&#8221;1\/3&#8243;][vc_column_text css=&#8221;.vc_custom_1742664682154{padding-top: 50px !important;padding-bottom: 50px !important;}&#8221;] 60M+ Online respondents [&hellip;]<\/p>\n","protected":false},"author":76,"featured_media":0,"parent":0,"menu_order":7,"comment_status":"closed","ping_status":"closed","template":"","meta":{"footnotes":""},"class_list":["post-7746","page","type-page","status-publish","hentry"],"_links":{"self":[{"href":"https:\/\/isensesolutions.com\/ro\/wp-json\/wp\/v2\/pages\/7746","targetHints":{"allow":["GET"]}}],"collection":[{"href":"https:\/\/isensesolutions.com\/ro\/wp-json\/wp\/v2\/pages"}],"about":[{"href":"https:\/\/isensesolutions.com\/ro\/wp-json\/wp\/v2\/types\/page"}],"author":[{"embeddable":true,"href":"https:\/\/isensesolutions.com\/ro\/wp-json\/wp\/v2\/users\/76"}],"replies":[{"embeddable":true,"href":"https:\/\/isensesolutions.com\/ro\/wp-json\/wp\/v2\/comments?post=7746"}],"version-history":[{"count":0,"href":"https:\/\/isensesolutions.com\/ro\/wp-json\/wp\/v2\/pages\/7746\/revisions"}],"wp:attachment":[{"href":"https:\/\/isensesolutions.com\/ro\/wp-json\/wp\/v2\/media?parent=7746"}],"curies":[{"name":"wp","href":"https:\/\/api.w.org\/{rel}","templated":true}]}}