{"id":7738,"date":"2025-03-15T15:53:41","date_gmt":"2025-03-15T13:53:41","guid":{"rendered":"https:\/\/isensesolutions.com\/despre-noi\/evenimente\/"},"modified":"2026-04-01T19:33:21","modified_gmt":"2026-04-01T16:33:21","slug":"evenimente","status":"publish","type":"page","link":"https:\/\/isensesolutions.com\/ro\/despre-noi\/evenimente\/","title":{"rendered":"Evenimente"},"content":{"rendered":"<div class=\"wpb-content-wrapper\"><p>[vc_section][vc_row][vc_column][vc_column_text]La iSense Solutions, evenimentele noastre de afaceri merg dincolo de re\u021belele tradi\u021bionale &#8211; sunt platforme dinamice \u00een care informa\u021biile bazate pe date st\u00e2rnesc conversa\u021bii semnificative \u00eentre companii, profesioni\u0219ti \u0219i principalele p\u0103r\u021bi interesate.<\/p>\n<p>Fiecare eveniment este conceput \u00een jurul unei teme relevante \u0219i actuale, oferind participan\u021bilor nu numai \u0219ansa de a stabili leg\u0103turi, ci \u0219i de a ob\u021bine o \u00een\u021belegere mai profund\u0103 a tendin\u021belor, provoc\u0103rilor \u0219i oportunit\u0103\u021bilor actuale. Perspectivele noastre se bazeaz\u0103 pe cercet\u0103ri solide \u0219i sunt oferite de profesioni\u0219ti cu experien\u021b\u0103 \u0219i cuno\u0219tin\u021be profunde \u00een domeniu.<\/p>\n<p>O valoare ad\u0103ugat\u0103 a evenimentelor noastre este prezen\u021ba vorbitorilor interna\u021bionali, care aduc o perspectiv\u0103 global\u0103 care \u00eembog\u0103\u021be\u0219te dialogul. Perspectivele lor ofer\u0103 unghiuri noi \u0219i cele mai bune practici din \u00eentreaga lume &#8211; ajut\u00e2nd companiile din Rom\u00e2nia \u0219i nu numai s\u0103 r\u0103m\u00e2n\u0103 competitive \u0219i orientate spre viitor.<\/p>\n<p>Al\u0103tura\u021bi-v\u0103 nou\u0103 pentru a intra \u00een contact cu liderii de opinie, pentru a descoperi informa\u021bii utile \u0219i pentru a face parte dintr-o comunitate care stimuleaz\u0103 inovarea \u0219i cre\u0219terea.[\/vc_column_text]<div class=\"wpb_content_element \"><style class=\"bklyn-inline-styles\" type=\"text\/css\">#ut_scb_69e4e8b7ecf15 .ut-share-link:hover { color: rgba(255, 0, 0, 1); }#ut_scb_69e4e8b7ecf15 .ut-share-link:focus { color: rgba(255, 0, 0, 1); }#ut_scb_69e4e8b7ecf15 .ut-share-link:active { color: rgba(255, 0, 0, 1); }<\/style><ul id=\"ut_scb_69e4e8b7ecf15\" class=\"ut-project-sc clearfix  ut-project-sc-right ut-project-sc-tablet-right ut-project-sc-mobile-center no-border\"><li><h6 class=\"widget-title\"><span>Share:<\/span><\/h6><\/li><li><a class=\"ut-share-link sc-facebook\" data-social=\"utsharefacebook\"><i class=\"fa fa-facebook\"><\/i><\/a><\/li><li><a class=\"ut-share-link sc-twitter\" data-social=\"utsharetwitter\"><i class=\"fa-brands fa-x-twitter\"><\/i><\/a><\/li><li><a class=\"ut-share-link sc-linkedin\" data-social=\"utsharelinkedin\"><i class=\"fa fa-linkedin\"><\/i><\/a><\/li><li><a class=\"ut-share-link sc-pinterest\" data-social=\"utsharepinterest\"><i class=\"fa fa-pinterest\"><\/i><\/a><\/li><li><a class=\"ut-share-link sc-xing\" data-social=\"utsharexing\"><i class=\"fa fa-xing\"><\/i><\/a><\/li><\/ul><\/div>[\/vc_column][\/vc_row][vc_row][vc_column]<div  class=\"wpb_content_element   clearfix\"><style type=\"text\/css\">#ut_am_69e4e8b7ed123 { opacity: 1; }#ut_am_wrap_69e4e8b7ed124 img,#ut_am_wrap_69e4e8b7ed124 .ut-image-gallery-image-caption,#ut_am_wrap_69e4e8b7ed124 .ut-box-shadow-container,#ut_am_wrap_69e4e8b7ed124 .ut-box-shadow-container-inner,#ut_am_wrap_69e4e8b7ed124 .ut-block-revealer-element-container,#ut_am_wrap_69e4e8b7ed124 .ut-animated-image-zoom { -webkit-border-radius: 5px; -moz-border-radius: 5px; border-radius: 5px; }#ut_am_wrap_69e4e8b7ed124 { text-align: left; }@media (min-width: 768px) and (max-width: 1024px) { #ut_am_wrap_69e4e8b7ed124 { text-align: left !important; } }@media (max-width: 767px) { #ut_am_wrap_69e4e8b7ed124 { text-align: center !important; } }<\/style><div id=\"ut_am_wrap_69e4e8b7ed124\" class=\"ut-image-gallery-image \"><div id=\"ut_reveal_69e4e8b7ed125\"  data-appear-top-offset=\"auto\" class=\"ut-animated-image-item ut-image-gallery-item ut-animation-done \"><a target=\"_self\" href=\"#register-now\" ><div class=\"ut-animated-image-zoom\">\r\n        <div class=\"ut-element-glitch-wrap\">\r\n\r\n            \r\n        <style type=\"text\/css\">\r\n\r\n                        \r\n        @media (min-width: 1025px) {\r\n\r\n        #ut-element-glitch-69e4e8b7ed170447499778-8894 .ut-glitch-single-element {\r\n                                            \r\n                }\r\n        }\r\n\r\n        @media (min-width: 768px) and (max-width: 1024px) {\r\n\r\n        #ut-element-glitch-69e4e8b7ed170447499778-8894 .ut-glitch-single-element {\r\n                                                \r\n                    }\r\n        }\r\n\r\n        @media (max-width: 767px) {\r\n\r\n        #ut-element-glitch-69e4e8b7ed170447499778-8894 .ut-glitch-single-element {\r\n                                                \r\n                    }\r\n        }\r\n\r\n        \r\n        <\/style>\r\n\r\n        \r\n            <div id=\"ut-element-glitch-69e4e8b7ed170447499778-8894\" class=\" ut-element-glitch ut-glitch-none ut-element-glitch-permanent\">\r\n                <div class=\"ut-glitch-single-element ut-lozad skip-lazy\" data-background-image=\"https:\/\/isensesolutions.com\/wp-content\/uploads\/2026\/04\/iVent-Vibe-2026.webp\"><\/div>\r\n                <div class=\"ut-glitch-single-element ut-lozad skip-lazy\" data-background-image=\"https:\/\/isensesolutions.com\/wp-content\/uploads\/2026\/04\/iVent-Vibe-2026.webp\"><\/div>\r\n                <div class=\"ut-glitch-single-element ut-lozad skip-lazy\" data-background-image=\"https:\/\/isensesolutions.com\/wp-content\/uploads\/2026\/04\/iVent-Vibe-2026.webp\"><\/div>\r\n                <div class=\"ut-glitch-single-element ut-lozad skip-lazy\" data-background-image=\"https:\/\/isensesolutions.com\/wp-content\/uploads\/2026\/04\/iVent-Vibe-2026.webp\"><\/div>\r\n                <div class=\"ut-glitch-single-element ut-lozad skip-lazy\" data-background-image=\"https:\/\/isensesolutions.com\/wp-content\/uploads\/2026\/04\/iVent-Vibe-2026.webp\"><\/div>\r\n            <\/div>\r\n\r\n        <\/div>\r\n\r\n        <img loading=\"lazy\" decoding=\"async\" class=\"ut-lazy skip-lazy ut-animated-image \"  id=\"ut_am_69e4e8b7ed123\" src=\"data:image\/svg+xml;charset=utf-8,%3Csvg xmlns%3D'http%3A%2F%2Fwww.w3.org%2F2000%2Fsvg' viewBox%3D'0 0 3840 2160'%2F%3E\" data-src=\"https:\/\/isensesolutions.com\/wp-content\/uploads\/2026\/04\/iVent-Vibe-2026.webp\" width=\"3840\" height=\"2160\" alt=\"iVent Vibe 2026\"\/><\/div><\/a><\/div><\/div><\/div><div class=\"wpb_content_element \"><style type=\"text\/css\">#ut_header_69e4e8b7ed737 h2.section-title { font-size:80px !important;line-height:88px !important;letter-spacing:-0.05em; }<\/style><header id=\"ut_header_69e4e8b7ed737\" class=\"section-header  ut-no-title-linebreak-mobile ut-no-lead-linebreak-mobile pt-style-2 header-center header-tablet-center header-mobile-center element-with-custom-line-height\"><div class=\"element-with-custom-line-height\" ><h2 data-title=\"iVent Vibe - Spring Edition 2026\"  data-responsive-font=\"section_title\" data-responsive-font-settings=\"{&quot;base-font-size&quot;:&quot;global&quot;,&quot;font-size&quot;:{&quot;desktop_large&quot;:&quot;80&quot;},&quot;base-line-height&quot;:&quot;global&quot;,&quot;line-height&quot;:{&quot;desktop_large&quot;:&quot;88&quot;},&quot;base-letter-spacing&quot;:&quot;global&quot;,&quot;letter-spacing&quot;:{&quot;desktop_large&quot;:&quot;-0.05&quot;}}\" class=\"section-title  \"><span>iVent Vibe - Spring Edition 2026<\/span><\/h2><\/div><\/header><\/div>[vc_raw_html]JTNDc3R5bGUlM0UlMEElMkElN0Jib3gtc2l6aW5nJTNBYm9yZGVyLWJveCUzQm1hcmdpbiUzQTAlM0JwYWRkaW5nJTNBMCU3RCUwQS5pbmZvLWJhciU3QmRpc3BsYXklM0FmbGV4JTNCYWxpZ24taXRlbXMlM0FjZW50ZXIlM0JqdXN0aWZ5LWNvbnRlbnQlM0FjZW50ZXIlM0JnYXAlM0EyLjVyZW0lM0JwYWRkaW5nJTNBMS4yNXJlbSUyMDJyZW0lM0Jmb250LWZhbWlseSUzQWluaGVyaXQlM0Jib3JkZXItcmFkaXVzJTNBMTJweCUzQmJvcmRlciUzQTFweCUyMHNvbGlkJTIwcmdiYSUyODAlMkMwJTJDMCUyQzAuMSUyOSUzQmJhY2tncm91bmQlM0ElMjNmZmYlM0JmbGV4LXdyYXAlM0F3cmFwJTdEJTBBLmluZm8taXRlbSU3QmRpc3BsYXklM0FmbGV4JTNCYWxpZ24taXRlbXMlM0FjZW50ZXIlM0JnYXAlM0ExMHB4JTNCY3Vyc29yJTNBZGVmYXVsdCUzQnBvc2l0aW9uJTNBcmVsYXRpdmUlM0JvdXRsaW5lJTNBbm9uZSU3RCUwQS5pY29uLXdyYXAlN0J3aWR0aCUzQTQycHglM0JoZWlnaHQlM0E0MnB4JTNCYm9yZGVyLXJhZGl1cyUzQTUwJTI1JTNCYm9yZGVyJTNBMXB4JTIwc29saWQlMjByZ2JhJTI4MCUyQzAlMkMwJTJDMC4xNSUyOSUzQmRpc3BsYXklM0FmbGV4JTNCYWxpZ24taXRlbXMlM0FjZW50ZXIlM0JqdXN0aWZ5LWNvbnRlbnQlM0FjZW50ZXIlM0JmbGV4LXNocmluayUzQTAlN0QlMEEuaWNvbi13cmFwJTIwc3ZnJTdCd2lkdGglM0ExOHB4JTNCaGVpZ2h0JTNBMThweCUzQnN0cm9rZSUzQSUyMzExMSUzQmZpbGwlM0Fub25lJTNCc3Ryb2tlLXdpZHRoJTNBMS42JTNCc3Ryb2tlLWxpbmVjYXAlM0Fyb3VuZCUzQnN0cm9rZS1saW5lam9pbiUzQXJvdW5kJTdEJTBBLmluZm8tdmFsdWUlN0Jmb250LXNpemUlM0ExNHB4JTNCZm9udC13ZWlnaHQlM0E1MDAlM0Jjb2xvciUzQSUyMzExMSUzQndoaXRlLXNwYWNlJTNBbm93cmFwJTdEJTBBLmRpdmlkZXIlN0J3aWR0aCUzQTFweCUzQmhlaWdodCUzQTMycHglM0JiYWNrZ3JvdW5kJTNBcmdiYSUyODAlMkMwJTJDMCUyQzAuMSUyOSU3RCUwQS50b29sdGlwJTdCZGlzcGxheSUzQW5vbmUlN0QlMEElNDBtZWRpYSUyOG1heC13aWR0aCUzQTYwMHB4JTI5JTdCJTBBJTIwJTIwLmluZm8tdmFsdWUlN0JkaXNwbGF5JTNBbm9uZSU3RCUwQSUyMCUyMC5pbmZvLWJhciU3QmdhcCUzQTEuNXJlbSUzQnBhZGRpbmclM0ExcmVtJTIwMS41cmVtJTNCanVzdGlmeS1jb250ZW50JTNBY2VudGVyJTdEJTBBJTIwJTIwLmRpdmlkZXIlN0JkaXNwbGF5JTNBbm9uZSU3RCUwQSUyMCUyMC5pbmZvLWl0ZW0lN0JjdXJzb3IlM0Fwb2ludGVyJTdEJTBBJTIwJTIwLmluZm8taXRlbSUzQWZvY3VzJTIwLmljb24td3JhcCU3QmJhY2tncm91bmQlM0ElMjNmNWY1ZjUlN0QlMEElMjAlMjAudG9vbHRpcCU3QmRpc3BsYXklM0FibG9jayUzQnBvc2l0aW9uJTNBYWJzb2x1dGUlM0JsZWZ0JTNBNTAlMjUlM0J0b3AlM0FjYWxjJTI4MTAwJTI1JTIwJTJCJTIwMTJweCUyOSUzQnRyYW5zZm9ybSUzQXRyYW5zbGF0ZVglMjgtNTAlMjUlMjklMjB0cmFuc2xhdGVZJTI4LTRweCUyOSUzQmJhY2tncm91bmQlM0ElMjNmZmYlM0Jib3JkZXIlM0ExcHglMjBzb2xpZCUyMHJnYmElMjgwJTJDMCUyQzAlMkMwLjE1JTI5JTNCYm9yZGVyLXJhZGl1cyUzQTEycHglM0JwYWRkaW5nJTNBMTBweCUyMDE4cHglM0Jmb250LXNpemUlM0ExM3B4JTNCZm9udC13ZWlnaHQlM0E1MDAlM0Jjb2xvciUzQSUyMzExMSUzQndoaXRlLXNwYWNlJTNBbm93cmFwJTNCb3BhY2l0eSUzQTAlM0Jwb2ludGVyLWV2ZW50cyUzQW5vbmUlM0J0cmFuc2l0aW9uJTNBb3BhY2l0eSUyMDAuMThzJTJDdHJhbnNmb3JtJTIwMC4xOHMlM0J6LWluZGV4JTNBMTAlM0Jib3gtc2hhZG93JTNBMCUyMDJweCUyMDEycHglMjByZ2JhJTI4MCUyQzAlMkMwJTJDMC4wNyUyOSU3RCUwQSUyMCUyMC50b29sdGlwJTNBJTNBYmVmb3JlJTdCY29udGVudCUzQSUyNyUyNyUzQnBvc2l0aW9uJTNBYWJzb2x1dGUlM0J0b3AlM0EtNXB4JTNCbGVmdCUzQTUwJTI1JTNCd2lkdGglM0E4cHglM0JoZWlnaHQlM0E4cHglM0JiYWNrZ3JvdW5kJTNBJTIzZmZmJTNCYm9yZGVyLWxlZnQlM0ExcHglMjBzb2xpZCUyMHJnYmElMjgwJTJDMCUyQzAlMkMwLjE1JTI5JTNCYm9yZGVyLXRvcCUzQTFweCUyMHNvbGlkJTIwcmdiYSUyODAlMkMwJTJDMCUyQzAuMTUlMjklM0J0cmFuc2Zvcm0lM0F0cmFuc2xhdGVYJTI4LTUwJTI1JTI5JTIwcm90YXRlJTI4NDVkZWclMjklN0QlMEElMjAlMjAudG9vbHRpcC52aXNpYmxlJTdCb3BhY2l0eSUzQTElM0J0cmFuc2Zvcm0lM0F0cmFuc2xhdGVYJTI4LTUwJTI1JTI5JTIwdHJhbnNsYXRlWSUyODAlMjklN0QlMEElN0QlMEElM0MlMkZzdHlsZSUzRSUwQSUwQSUzQ2RpdiUyMGNsYXNzJTNEJTIyaW5mby1iYXIlMjIlM0UlMEElMjAlMjAlM0NkaXYlMjBjbGFzcyUzRCUyMmluZm8taXRlbSUyMiUyMHRhYmluZGV4JTNEJTIyMCUyMiUyMGlkJTNEJTIyaXRlbS1jYXQlMjIlM0UlMEElMjAlMjAlMjAlMjAlM0NkaXYlMjBjbGFzcyUzRCUyMmljb24td3JhcCUyMiUzRSUwQSUyMCUyMCUyMCUyMCUyMCUyMCUzQ3N2ZyUyMHZpZXdCb3glM0QlMjIwJTIwMCUyMDI0JTIwMjQlMjIlM0UlM0NwYXRoJTIwZCUzRCUyMk0yJTIwN2gyME0yJTIwMTJoMjBNMiUyMDE3aDEyJTIyJTJGJTNFJTNDY2lyY2xlJTIwY3glM0QlMjIxOSUyMiUyMGN5JTNEJTIyMTclMjIlMjByJTNEJTIyMyUyMiUyRiUzRSUzQyUyRnN2ZyUzRSUwQSUyMCUyMCUyMCUyMCUzQyUyRmRpdiUzRSUwQSUyMCUyMCUyMCUyMCUzQ3NwYW4lMjBjbGFzcyUzRCUyMmluZm8tdmFsdWUlMjIlM0VDb25mZXJpbiVDOCU5QiVDNCU4MyUzQyUyRnNwYW4lM0UlMEElMjAlMjAlMjAlMjAlM0NkaXYlMjBjbGFzcyUzRCUyMnRvb2x0aXAlMjIlMjBpZCUzRCUyMnR0LWNhdCUyMiUzRUNvbmZlcmluJUM4JTlCJUM0JTgzJTNDJTJGZGl2JTNFJTBBJTIwJTIwJTNDJTJGZGl2JTNFJTBBJTIwJTIwJTNDZGl2JTIwY2xhc3MlM0QlMjJkaXZpZGVyJTIyJTNFJTNDJTJGZGl2JTNFJTBBJTIwJTIwJTNDZGl2JTIwY2xhc3MlM0QlMjJpbmZvLWl0ZW0lMjIlMjB0YWJpbmRleCUzRCUyMjAlMjIlMjBpZCUzRCUyMml0ZW0tbG9jJTIyJTNFJTBBJTIwJTIwJTIwJTIwJTNDZGl2JTIwY2xhc3MlM0QlMjJpY29uLXdyYXAlMjIlM0UlMEElMjAlMjAlMjAlMjAlMjAlMjAlM0NzdmclMjB2aWV3Qm94JTNEJTIyMCUyMDAlMjAyNCUyMDI0JTIyJTNFJTNDcGF0aCUyMGQlM0QlMjJNMTIlMjAyQzguMTMlMjAyJTIwNSUyMDUuMTMlMjA1JTIwOWMwJTIwNS4yNSUyMDclMjAxMyUyMDclMjAxM3M3LTcuNzUlMjA3LTEzYzAtMy44Ny0zLjEzLTctNy03eiUyMiUyRiUzRSUzQ2NpcmNsZSUyMGN4JTNEJTIyMTIlMjIlMjBjeSUzRCUyMjklMjIlMjByJTNEJTIyMi41JTIyJTJGJTNFJTNDJTJGc3ZnJTNFJTBBJTIwJTIwJTIwJTIwJTNDJTJGZGl2JTNFJTBBJTIwJTIwJTIwJTIwJTNDc3BhbiUyMGNsYXNzJTNEJTIyaW5mby12YWx1ZSUyMiUzRWlTZW5zZSUyMElubm9TcGhlcmUlMjBIdWIlM0MlMkZzcGFuJTNFJTBBJTIwJTIwJTIwJTIwJTNDZGl2JTIwY2xhc3MlM0QlMjJ0b29sdGlwJTIyJTIwaWQlM0QlMjJ0dC1sb2MlMjIlM0VpU2Vuc2UlMjBJbm5vU3BoZXJlJTIwSHViJTNDJTJGZGl2JTNFJTBBJTIwJTIwJTNDJTJGZGl2JTNFJTBBJTIwJTIwJTNDZGl2JTIwY2xhc3MlM0QlMjJkaXZpZGVyJTIyJTNFJTNDJTJGZGl2JTNFJTBBJTIwJTIwJTNDZGl2JTIwY2xhc3MlM0QlMjJpbmZvLWl0ZW0lMjIlMjB0YWJpbmRleCUzRCUyMjAlMjIlMjBpZCUzRCUyMml0ZW0tZGF0ZSUyMiUzRSUwQSUyMCUyMCUyMCUyMCUzQ2RpdiUyMGNsYXNzJTNEJTIyaWNvbi13cmFwJTIyJTNFJTBBJTIwJTIwJTIwJTIwJTIwJTIwJTNDc3ZnJTIwdmlld0JveCUzRCUyMjAlMjAwJTIwMjQlMjAyNCUyMiUzRSUzQ3JlY3QlMjB4JTNEJTIyMyUyMiUyMHklM0QlMjI0JTIyJTIwd2lkdGglM0QlMjIxOCUyMiUyMGhlaWdodCUzRCUyMjE4JTIyJTIwcnglM0QlMjIyLjUlMjIlMkYlM0UlM0NsaW5lJTIweDElM0QlMjIxNiUyMiUyMHkxJTNEJTIyMiUyMiUyMHgyJTNEJTIyMTYlMjIlMjB5MiUzRCUyMjYlMjIlMkYlM0UlM0NsaW5lJTIweDElM0QlMjI4JTIyJTIweTElM0QlMjIyJTIyJTIweDIlM0QlMjI4JTIyJTIweTIlM0QlMjI2JTIyJTJGJTNFJTNDbGluZSUyMHgxJTNEJTIyMyUyMiUyMHkxJTNEJTIyMTAlMjIlMjB4MiUzRCUyMjIxJTIyJTIweTIlM0QlMjIxMCUyMiUyRiUzRSUzQyUyRnN2ZyUzRSUwQSUyMCUyMCUyMCUyMCUzQyUyRmRpdiUzRSUwQSUyMCUyMCUyMCUyMCUzQ3NwYW4lMjBjbGFzcyUzRCUyMmluZm8tdmFsdWUlMjIlM0UwNy4wNS4yMDI2JTNDJTJGc3BhbiUzRSUwQSUyMCUyMCUyMCUyMCUzQ2RpdiUyMGNsYXNzJTNEJTIydG9vbHRpcCUyMiUyMGlkJTNEJTIydHQtZGF0ZSUyMiUzRTA3JTIwTWF5JTIwMjAyNiUzQyUyRmRpdiUzRSUwQSUyMCUyMCUzQyUyRmRpdiUzRSUwQSUyMCUyMCUzQ2RpdiUyMGNsYXNzJTNEJTIyZGl2aWRlciUyMiUzRSUzQyUyRmRpdiUzRSUwQSUyMCUyMCUzQ2RpdiUyMGNsYXNzJTNEJTIyaW5mby1pdGVtJTIyJTIwdGFiaW5kZXglM0QlMjIwJTIyJTIwaWQlM0QlMjJpdGVtLXRpbWUlMjIlM0UlMEElMjAlMjAlMjAlMjAlM0NkaXYlMjBjbGFzcyUzRCUyMmljb24td3JhcCUyMiUzRSUwQSUyMCUyMCUyMCUyMCUyMCUyMCUzQ3N2ZyUyMHZpZXdCb3glM0QlMjIwJTIwMCUyMDI0JTIwMjQlMjIlM0UlM0NjaXJjbGUlMjBjeCUzRCUyMjEyJTIyJTIwY3klM0QlMjIxMiUyMiUyMHIlM0QlMjI5JTIyJTJGJTNFJTNDcG9seWxpbmUlMjBwb2ludHMlM0QlMjIxMiUyMDclMjAxMiUyMDEyJTIwMTUuNSUyMDE0JTIyJTJGJTNFJTNDJTJGc3ZnJTNFJTBBJTIwJTIwJTIwJTIwJTNDJTJGZGl2JTNFJTBBJTIwJTIwJTIwJTIwJTNDc3BhbiUyMGNsYXNzJTNEJTIyaW5mby12YWx1ZSUyMiUzRTA4JTNBMzAlM0MlMkZzcGFuJTNFJTBBJTIwJTIwJTIwJTIwJTNDZGl2JTIwY2xhc3MlM0QlMjJ0b29sdGlwJTIyJTIwaWQlM0QlMjJ0dC10aW1lJTIyJTNFMDglM0EzMCUzQyUyRmRpdiUzRSUwQSUyMCUyMCUzQyUyRmRpdiUzRSUwQSUzQyUyRmRpdiUzRSUwQSUwQSUzQ3NjcmlwdCUzRSUwQSUyOGZ1bmN0aW9uJTI4JTI5JTdCJTBBJTIwJTIwdmFyJTIwaXNNb2JpbGUlM0QlMjglMjklM0QlM0V3aW5kb3cuaW5uZXJXaWR0aCUzQyUzRDYwMCUzQiUwQSUyMCUyMCU1QiUyN2NhdCUyNyUyQyUyN2xvYyUyNyUyQyUyN2RhdGUlMjclMkMlMjd0aW1lJTI3JTVELmZvckVhY2glMjhmdW5jdGlvbiUyOGlkJTI5JTdCJTBBJTIwJTIwJTIwJTIwdmFyJTIwZWwlM0Rkb2N1bWVudC5nZXRFbGVtZW50QnlJZCUyOCUyN2l0ZW0tJTI3JTJCaWQlMjklM0IlMEElMjAlMjAlMjAlMjB2YXIlMjB0dCUzRGRvY3VtZW50LmdldEVsZW1lbnRCeUlkJTI4JTI3dHQtJTI3JTJCaWQlMjklM0IlMEElMjAlMjAlMjAlMjBlbC5hZGRFdmVudExpc3RlbmVyJTI4JTI3Zm9jdXMlMjclMkNmdW5jdGlvbiUyOCUyOSU3QmlmJTI4aXNNb2JpbGUlMjglMjklMjl0dC5jbGFzc0xpc3QuYWRkJTI4JTI3dmlzaWJsZSUyNyUyOSU3RCUyOSUzQiUwQSUyMCUyMCUyMCUyMGVsLmFkZEV2ZW50TGlzdGVuZXIlMjglMjdibHVyJTI3JTJDZnVuY3Rpb24lMjglMjklN0J0dC5jbGFzc0xpc3QucmVtb3ZlJTI4JTI3dmlzaWJsZSUyNyUyOSU3RCUyOSUzQiUwQSUyMCUyMCU3RCUyOSUzQiUwQSU3RCUyOSUyOCUyOSUzQiUwQSUzQyUyRnNjcmlwdCUzRQ==[\/vc_raw_html][vc_column_text]Pe 7 mai ne \u00eent\u00e2lnim la iVent Vibe, singurul eveniment de networking din Rom\u00e2nia care reune\u0219te organizatorii celor mai cunoscute evenimente \u0219i branduri interesate de parteneriate \u0219i sponsoriz\u0103ri.<\/p>\n<h3><strong>Agenda evenimentului<\/strong><\/h3>\n<ol>\n<li><strong>iSense Solutions Data Presentation<\/strong> \u2013 Analiza pie\u021bei de divertisment pentru evenimente, inten\u021bii de participare, percep\u021bii \u0219i a\u0219tept\u0103ri ale participan\u021bilor<\/li>\n<li><strong>Event Organizers<\/strong> \u2013 Sesiune dedicat\u0103 prezent\u0103rii celor mai de succes evenimente din Rom\u00e2nia, evolu\u021biei acestora \u0219i unui dialog deschis cu brandurile<\/li>\n<li><strong>Brands &amp; Memorable Activations<\/strong> \u2013 Exemple de activ\u0103ri creative \u0219i studii de caz de la companii partenere<\/li>\n<li><strong>Guest Speaker from Coachella Festival<\/strong> \u2013 Perspective de la unul dintre cele mai emblematice festivaluri din lume, acoperind experien\u021ba evenimentelor, parteneriatele \u0219i tendin\u021bele globale din industria festivalurilor.<\/li>\n<\/ol>\n<p>[\/vc_column_text][vc_row_inner el_id=&#8221;register-now&#8221;][vc_column_inner]<style type=\"text\/css\">#bklyn_btn_69e4e8b7f143d .bklyn-btn { color:#ffffff !important; border-radius:5px !important; background-color:#ff0000 !important; }#bklyn_btn_69e4e8b7f143d .bklyn-btn:hover{ color:#ededed !important; background-color:rgba(255, 0, 0, 0.85) !important; }#bklyn_btn_69e4e8b7f143d .bklyn-btn:focus{ color:#ededed !important; background-color:rgba(255, 0, 0, 0.85) !important; }#bklyn_btn_69e4e8b7f143d .bklyn-btn:active { color:#ededed !important; background-color:rgba(255, 0, 0, 0.85) !important; }#bklyn_btn_69e4e8b7f143d a.bklyn-btn { font-weight:500 !important; }#bklyn_btn_69e4e8b7f143d.bklyn-btn-header a.bklyn-btn { font-weight:500 !important; }#bklyn_btn_69e4e8b7f143d.bklyn-btn-header a.bklyn-btn span { font-weight:500 !important; }#bklyn_btn_69e4e8b7f143d a.bklyn-btn { font-family:inherit !important; }<\/style><div id=\"bklyn_btn_69e4e8b7f143d\" class=\"bklyn-btn-holder  bklyn-btn-center bklyn-btn-tablet-center bklyn-btn-mobile-center\"><a title=\"\"   href=\"https:\/\/events.isensesolutions.com\/eveniment\/ivent-vibe-spring-edition-2026\" target=\"_self\" class=\"bklyn-btn  bklyn-btn-icon-left bklyn-btn-normal\" ><i class=\"fa-regular fa-hand-pointer\"><\/i><span class=\"ut-btn-text\">\u00ceNREGISTREAZ\u0102-TE<\/span><\/a><\/div>[\/vc_column_inner][\/vc_row_inner][\/vc_column][\/vc_row][\/vc_section]<\/p>\n<\/div>","protected":false},"excerpt":{"rendered":"<p>[vc_section][vc_row][vc_column][vc_column_text]La iSense Solutions, evenimentele noastre de afaceri merg dincolo de re\u021belele tradi\u021bionale &#8211; sunt platforme dinamice \u00een care informa\u021biile bazate pe date st\u00e2rnesc conversa\u021bii semnificative \u00eentre companii, profesioni\u0219ti \u0219i principalele p\u0103r\u021bi interesate. Fiecare eveniment este conceput \u00een jurul unei teme relevante \u0219i actuale, oferind participan\u021bilor nu numai \u0219ansa de a stabili leg\u0103turi, ci \u0219i de [&hellip;]<\/p>\n","protected":false},"author":76,"featured_media":0,"parent":7688,"menu_order":2,"comment_status":"closed","ping_status":"closed","template":"","meta":{"footnotes":""},"class_list":["post-7738","page","type-page","status-publish","hentry"],"_links":{"self":[{"href":"https:\/\/isensesolutions.com\/ro\/wp-json\/wp\/v2\/pages\/7738","targetHints":{"allow":["GET"]}}],"collection":[{"href":"https:\/\/isensesolutions.com\/ro\/wp-json\/wp\/v2\/pages"}],"about":[{"href":"https:\/\/isensesolutions.com\/ro\/wp-json\/wp\/v2\/types\/page"}],"author":[{"embeddable":true,"href":"https:\/\/isensesolutions.com\/ro\/wp-json\/wp\/v2\/users\/76"}],"replies":[{"embeddable":true,"href":"https:\/\/isensesolutions.com\/ro\/wp-json\/wp\/v2\/comments?post=7738"}],"version-history":[{"count":0,"href":"https:\/\/isensesolutions.com\/ro\/wp-json\/wp\/v2\/pages\/7738\/revisions"}],"up":[{"embeddable":true,"href":"https:\/\/isensesolutions.com\/ro\/wp-json\/wp\/v2\/pages\/7688"}],"wp:attachment":[{"href":"https:\/\/isensesolutions.com\/ro\/wp-json\/wp\/v2\/media?parent=7738"}],"curies":[{"name":"wp","href":"https:\/\/api.w.org\/{rel}","templated":true}]}}