{"id":7734,"date":"2025-04-07T23:43:14","date_gmt":"2025-04-07T20:43:14","guid":{"rendered":"https:\/\/isensesolutions.com\/despre-noi\/parteneriate\/"},"modified":"2025-06-06T14:29:35","modified_gmt":"2025-06-06T11:29:35","slug":"parteneriate","status":"publish","type":"page","link":"https:\/\/isensesolutions.com\/ro\/despre-noi\/parteneriate\/","title":{"rendered":"Parteneriate"},"content":{"rendered":"<div class=\"wpb-content-wrapper\"><p>[vc_section][vc_row][vc_column]<div class=\"wpb_content_element \"><style type=\"text\/css\">#ut_header_69e4e8bf16812 h2.section-title { font-size:80px !important;line-height:88px !important;letter-spacing:-0.05em; }<\/style><header id=\"ut_header_69e4e8bf16812\" class=\"section-header  ut-no-title-linebreak-mobile ut-no-lead-linebreak-mobile pt-style-2 header-center header-tablet-center header-mobile-center element-with-custom-line-height\"><div class=\"element-with-custom-line-height\" ><h2 data-title=\"Colaborare pentru impact\"  data-responsive-font=\"section_title\" data-responsive-font-settings=\"{&quot;base-font-size&quot;:&quot;global&quot;,&quot;font-size&quot;:{&quot;desktop_large&quot;:&quot;80&quot;},&quot;base-line-height&quot;:&quot;global&quot;,&quot;line-height&quot;:{&quot;desktop_large&quot;:&quot;88&quot;},&quot;base-letter-spacing&quot;:&quot;global&quot;,&quot;letter-spacing&quot;:{&quot;desktop_large&quot;:&quot;-0.05&quot;}}\" class=\"section-title  \"><span>Colaborare pentru impact<\/span><\/h2><\/div><\/header><\/div>[vc_row_inner equal_height=&#8221;yes&#8221; content_placement=&#8221;middle&#8221;][vc_column_inner width=&#8221;1\/2&#8243;][vc_column_text]La iSense Solutions, credem c\u0103 colaborarea este cheia pentru a genera schimb\u0103ri semnificative \u00een cercetare, educa\u021bie \u0219i comunicare. Prin construirea unor alian\u021be solide cu institu\u021bii academice, organizatori de evenimente \u0219i parteneri media, ne extindem aria de acoperire, \u00eemp\u0103rt\u0103\u0219im cuno\u0219tin\u021be \u0219i cre\u0103m valoare ad\u0103ugat\u0103 pentru clien\u021bii no\u0219tri \u0219i pentru comunit\u0103\u021bile pe care le deservim.[\/vc_column_text][\/vc_column_inner][vc_column_inner width=&#8221;1\/2&#8243;]<div  class=\"wpb_content_element   clearfix\"><style type=\"text\/css\">#ut_am_69e4e8bf1a7b9 { opacity: 1; }#ut_am_wrap_69e4e8bf1a7ba { text-align: left; }@media (min-width: 768px) and (max-width: 1024px) { #ut_am_wrap_69e4e8bf1a7ba { text-align: left !important; } }@media (max-width: 767px) { #ut_am_wrap_69e4e8bf1a7ba { text-align: center !important; } }<\/style><div id=\"ut_am_wrap_69e4e8bf1a7ba\" class=\"ut-image-gallery-image \"><div id=\"ut_reveal_69e4e8bf1a7bb\"  data-appear-top-offset=\"auto\" class=\"ut-animated-image-item ut-image-gallery-item ut-animation-done \"><a class=\"ut-deactivated-link\" href=\"#\"><div class=\"ut-animated-image-zoom\">\r\n        <div class=\"ut-element-glitch-wrap\">\r\n\r\n            \r\n        <style type=\"text\/css\">\r\n\r\n                        \r\n        @media (min-width: 1025px) {\r\n\r\n        #ut-element-glitch-69e4e8bf1a7ce889791189-4700 .ut-glitch-single-element {\r\n                                            \r\n                }\r\n        }\r\n\r\n        @media (min-width: 768px) and (max-width: 1024px) {\r\n\r\n        #ut-element-glitch-69e4e8bf1a7ce889791189-4700 .ut-glitch-single-element {\r\n                                                \r\n                    }\r\n        }\r\n\r\n        @media (max-width: 767px) {\r\n\r\n        #ut-element-glitch-69e4e8bf1a7ce889791189-4700 .ut-glitch-single-element {\r\n                                                \r\n                    }\r\n        }\r\n\r\n        \r\n        <\/style>\r\n\r\n        \r\n            <div id=\"ut-element-glitch-69e4e8bf1a7ce889791189-4700\" class=\" ut-element-glitch ut-glitch-none ut-element-glitch-permanent\">\r\n                <div class=\"ut-glitch-single-element ut-lozad skip-lazy\" data-background-image=\"https:\/\/isensesolutions.com\/wp-content\/uploads\/2025\/04\/isense-solutions-partnerships.jpg\"><\/div>\r\n                <div class=\"ut-glitch-single-element ut-lozad skip-lazy\" data-background-image=\"https:\/\/isensesolutions.com\/wp-content\/uploads\/2025\/04\/isense-solutions-partnerships.jpg\"><\/div>\r\n                <div class=\"ut-glitch-single-element ut-lozad skip-lazy\" data-background-image=\"https:\/\/isensesolutions.com\/wp-content\/uploads\/2025\/04\/isense-solutions-partnerships.jpg\"><\/div>\r\n                <div class=\"ut-glitch-single-element ut-lozad skip-lazy\" data-background-image=\"https:\/\/isensesolutions.com\/wp-content\/uploads\/2025\/04\/isense-solutions-partnerships.jpg\"><\/div>\r\n                <div class=\"ut-glitch-single-element ut-lozad skip-lazy\" data-background-image=\"https:\/\/isensesolutions.com\/wp-content\/uploads\/2025\/04\/isense-solutions-partnerships.jpg\"><\/div>\r\n            <\/div>\r\n\r\n        <\/div>\r\n\r\n        <img loading=\"lazy\" decoding=\"async\" class=\"ut-lazy skip-lazy ut-animated-image \" id=\"ut_am_69e4e8bf1a7b9\" src=\"data:image\/svg+xml;charset=utf-8,%3Csvg xmlns%3D&#039;http%3A%2F%2Fwww.w3.org%2F2000%2Fsvg&#039; viewBox%3D&#039;0 0 5568 3712&#039;%2F%3E\" data-src=\"https:\/\/isensesolutions.com\/wp-content\/uploads\/2025\/04\/isense-solutions-partnerships.jpg\" width=\"5568\" height=\"3712\" alt=\"\"><\/div><\/a><\/div><\/div><\/div>[\/vc_column_inner][\/vc_row_inner][\/vc_column][\/vc_row][vc_row][vc_column]<div class=\"wpb_content_element \"><style type=\"text\/css\">#ut_accordion_69e4e8bf1a819 .ut-accordion-module-item.open .ut-accordion-module-heading { color: rgba(255, 0, 0, 1) !important }#ut_accordion_69e4e8bf1a819 .ut-accordion-module-heading:hover { color: rgba(255, 0, 0, 1) !important }#ut_accordion_69e4e8bf1a819 .ut-accordion-module-heading:active { color: rgba(255, 0, 0, 1) !important }#ut_accordion_69e4e8bf1a819 .ut-accordion-module-heading:focus { color: rgba(255, 0, 0, 1) !important }#ut_accordion_69e4e8bf1a819 .ut-accordion-module-item { border-top-style:solid; }#ut_accordion_69e4e8bf1a819 .ut-accordion-module-item:last-child { border-top-style:solid; border-bottom-style:solid; }#ut_accordion_69e4e8bf1a819 .ut-accordion-module-heading::before { -webkit-border-radius: 50%; -moz-border-radius: 50%; border-radius: 50%; }<\/style><div id=\"ut_accordion_69e4e8bf1a819\" data-accordion-group class=\"ut-accordion-module ut-accordion-module-single  ut-accordion-module-with-counter ut-accordion-module-with-border\"><div data-accordion data-accordion data-single data-transition=\"400\" data-easing=\"ease\" class=\"ut-accordion-module-item \"><h3 data-control class=\"ut-accordion-module-heading\" data-counter=\"1\">Academics<\/h3><div data-content class=\"ut-accordion-module-content\"><div class=\"ut-accordion-module-inner entry-content clearfix\"><p><a href=\"https:\/\/ase.ro\/\" target=\"_blank\" rel=\"noopener\"><img loading=\"lazy\" decoding=\"async\" class=\"alignnone wp-image-4628\" src=\"https:\/\/isensesolutions.com\/wp-content\/uploads\/2025\/04\/logo-ASE-650x433.png\" alt=\"\" width=\"300\" height=\"158\" srcset=\"https:\/\/isensesolutions.com\/wp-content\/uploads\/2025\/04\/logo-ASE-768x403.png 768w, https:\/\/isensesolutions.com\/wp-content\/uploads\/2025\/04\/logo-ASE.png 1200w\" sizes=\"auto, (max-width: 300px) 100vw, 300px\"><\/a><a href=\"https:\/\/www.rau.ro\/\" target=\"_blank\" rel=\"noopener\"><img loading=\"lazy\" decoding=\"async\" class=\"alignnone wp-image-4630\" src=\"https:\/\/isensesolutions.com\/wp-content\/uploads\/2025\/04\/logo-Universitatea-Romano-Americana-650x433.png\" alt=\"\" width=\"300\" height=\"158\" srcset=\"https:\/\/isensesolutions.com\/wp-content\/uploads\/2025\/04\/logo-Universitatea-Romano-Americana-768x403.png 768w, https:\/\/isensesolutions.com\/wp-content\/uploads\/2025\/04\/logo-Universitatea-Romano-Americana.png 1200w\" sizes=\"auto, (max-width: 300px) 100vw, 300px\"><\/a><a href=\"https:\/\/www.kretzulescu.ro\/\" target=\"_blank\" rel=\"noopener\"><img loading=\"lazy\" decoding=\"async\" class=\"alignnone wp-image-4629\" src=\"https:\/\/isensesolutions.com\/wp-content\/uploads\/2025\/04\/logo-Colegiul-Economic-Nicolae-Kretzulescu-650x433.png\" alt=\"\" width=\"300\" height=\"158\" srcset=\"https:\/\/isensesolutions.com\/wp-content\/uploads\/2025\/04\/logo-Colegiul-Economic-Nicolae-Kretzulescu-768x403.png 768w, https:\/\/isensesolutions.com\/wp-content\/uploads\/2025\/04\/logo-Colegiul-Economic-Nicolae-Kretzulescu.png 1200w\" sizes=\"auto, (max-width: 300px) 100vw, 300px\"><\/a><\/p>\n<\/div><\/div><\/div><div data-accordion data-accordion data-single data-transition=\"400\" data-easing=\"ease\" class=\"ut-accordion-module-item \"><h3 data-control class=\"ut-accordion-module-heading\" data-counter=\"2\">Events<\/h3><div data-content class=\"ut-accordion-module-content\"><div class=\"ut-accordion-module-inner entry-content clearfix\"><p><a href=\"https:\/\/isensesolutions.com\/wp-content\/uploads\/2025\/03\/UNTOLD-Our-Clients-iSenseSolutions.jpeg\"><img loading=\"lazy\" decoding=\"async\" class=\"alignnone wp-image-4253\" src=\"https:\/\/isensesolutions.com\/wp-content\/uploads\/2025\/03\/UNTOLD-Our-Clients-iSenseSolutions-650x433.jpeg\" alt=\"\" width=\"300\" height=\"158\" srcset=\"https:\/\/isensesolutions.com\/wp-content\/uploads\/2025\/03\/UNTOLD-Our-Clients-iSenseSolutions-768x403.jpeg 768w, https:\/\/isensesolutions.com\/wp-content\/uploads\/2025\/03\/UNTOLD-Our-Clients-iSenseSolutions-300x158.jpeg 300w, https:\/\/isensesolutions.com\/wp-content\/uploads\/2025\/03\/UNTOLD-Our-Clients-iSenseSolutions-500x263.jpeg 500w, https:\/\/isensesolutions.com\/wp-content\/uploads\/2025\/03\/UNTOLD-Our-Clients-iSenseSolutions-750x394.jpeg 750w, https:\/\/isensesolutions.com\/wp-content\/uploads\/2025\/03\/UNTOLD-Our-Clients-iSenseSolutions-1000x525.jpeg 1000w, https:\/\/isensesolutions.com\/wp-content\/uploads\/2025\/03\/UNTOLD-Our-Clients-iSenseSolutions-1500x788.jpeg 1500w, https:\/\/isensesolutions.com\/wp-content\/uploads\/2025\/03\/UNTOLD-Our-Clients-iSenseSolutions.jpeg 1200w\" sizes=\"auto, (max-width: 300px) 100vw, 300px\"><\/a><a href=\"https:\/\/isensesolutions.com\/wp-content\/uploads\/2025\/03\/Summer-Well-Our-Clients-iSenseSolutions.jpeg\"><img loading=\"lazy\" decoding=\"async\" class=\"alignnone wp-image-4250\" src=\"https:\/\/isensesolutions.com\/wp-content\/uploads\/2025\/03\/Summer-Well-Our-Clients-iSenseSolutions-650x433.jpeg\" alt=\"\" width=\"300\" height=\"158\" srcset=\"https:\/\/isensesolutions.com\/wp-content\/uploads\/2025\/03\/Summer-Well-Our-Clients-iSenseSolutions-768x403.jpeg 768w, https:\/\/isensesolutions.com\/wp-content\/uploads\/2025\/03\/Summer-Well-Our-Clients-iSenseSolutions-300x158.jpeg 300w, https:\/\/isensesolutions.com\/wp-content\/uploads\/2025\/03\/Summer-Well-Our-Clients-iSenseSolutions-500x263.jpeg 500w, https:\/\/isensesolutions.com\/wp-content\/uploads\/2025\/03\/Summer-Well-Our-Clients-iSenseSolutions-750x394.jpeg 750w, https:\/\/isensesolutions.com\/wp-content\/uploads\/2025\/03\/Summer-Well-Our-Clients-iSenseSolutions-1000x525.jpeg 1000w, https:\/\/isensesolutions.com\/wp-content\/uploads\/2025\/03\/Summer-Well-Our-Clients-iSenseSolutions-1500x788.jpeg 1500w, https:\/\/isensesolutions.com\/wp-content\/uploads\/2025\/03\/Summer-Well-Our-Clients-iSenseSolutions.jpeg 1200w\" sizes=\"auto, (max-width: 300px) 100vw, 300px\"><\/a><a href=\"https:\/\/isensesolutions.com\/wp-content\/uploads\/2025\/05\/the-color-run-isensesolutions.jpeg\"><img loading=\"lazy\" decoding=\"async\" class=\"alignnone wp-image-6492\" src=\"https:\/\/isensesolutions.com\/wp-content\/uploads\/2025\/05\/the-color-run-isensesolutions-650x433.jpeg\" alt=\"\" width=\"300\" height=\"158\" srcset=\"https:\/\/isensesolutions.com\/wp-content\/uploads\/2025\/05\/the-color-run-isensesolutions-768x403.jpeg 768w, https:\/\/isensesolutions.com\/wp-content\/uploads\/2025\/05\/the-color-run-isensesolutions.jpeg 1200w\" sizes=\"auto, (max-width: 300px) 100vw, 300px\"><\/a><a href=\"https:\/\/isensesolutions.com\/wp-content\/uploads\/2025\/05\/blues-festival-isensesolutions.jpeg\"><img loading=\"lazy\" decoding=\"async\" class=\"alignnone wp-image-6496\" src=\"https:\/\/isensesolutions.com\/wp-content\/uploads\/2025\/05\/blues-festival-isensesolutions-650x433.jpeg\" alt=\"\" width=\"300\" height=\"158\" srcset=\"https:\/\/isensesolutions.com\/wp-content\/uploads\/2025\/05\/blues-festival-isensesolutions-768x403.jpeg 768w, https:\/\/isensesolutions.com\/wp-content\/uploads\/2025\/05\/blues-festival-isensesolutions.jpeg 1200w\" sizes=\"auto, (max-width: 300px) 100vw, 300px\"><\/a><a href=\"https:\/\/isensesolutions.com\/wp-content\/uploads\/2025\/03\/BEACH-PLEASE-Our-Clients-iSenseSolutions.jpeg\"><img loading=\"lazy\" decoding=\"async\" class=\"alignnone wp-image-4232\" src=\"https:\/\/isensesolutions.com\/wp-content\/uploads\/2025\/03\/BEACH-PLEASE-Our-Clients-iSenseSolutions-650x433.jpeg\" alt=\"\" width=\"300\" height=\"158\" srcset=\"https:\/\/isensesolutions.com\/wp-content\/uploads\/2025\/03\/BEACH-PLEASE-Our-Clients-iSenseSolutions-768x403.jpeg 768w, https:\/\/isensesolutions.com\/wp-content\/uploads\/2025\/03\/BEACH-PLEASE-Our-Clients-iSenseSolutions-300x158.jpeg 300w, https:\/\/isensesolutions.com\/wp-content\/uploads\/2025\/03\/BEACH-PLEASE-Our-Clients-iSenseSolutions-500x263.jpeg 500w, https:\/\/isensesolutions.com\/wp-content\/uploads\/2025\/03\/BEACH-PLEASE-Our-Clients-iSenseSolutions-750x394.jpeg 750w, https:\/\/isensesolutions.com\/wp-content\/uploads\/2025\/03\/BEACH-PLEASE-Our-Clients-iSenseSolutions-1000x525.jpeg 1000w, https:\/\/isensesolutions.com\/wp-content\/uploads\/2025\/03\/BEACH-PLEASE-Our-Clients-iSenseSolutions-1500x788.jpeg 1500w, https:\/\/isensesolutions.com\/wp-content\/uploads\/2025\/03\/BEACH-PLEASE-Our-Clients-iSenseSolutions.jpeg 1200w\" sizes=\"auto, (max-width: 300px) 100vw, 300px\"><\/a><a href=\"https:\/\/isensesolutions.com\/wp-content\/uploads\/2025\/05\/codru24-isensesolutions.jpeg\"><img loading=\"lazy\" decoding=\"async\" class=\"alignnone wp-image-6500\" src=\"https:\/\/isensesolutions.com\/wp-content\/uploads\/2025\/05\/codru24-isensesolutions-650x433.jpeg\" alt=\"\" width=\"300\" height=\"158\" srcset=\"https:\/\/isensesolutions.com\/wp-content\/uploads\/2025\/05\/codru24-isensesolutions-768x403.jpeg 768w, https:\/\/isensesolutions.com\/wp-content\/uploads\/2025\/05\/codru24-isensesolutions.jpeg 1200w\" sizes=\"auto, (max-width: 300px) 100vw, 300px\"><\/a><a href=\"https:\/\/isensesolutions.com\/wp-content\/uploads\/2025\/05\/nostalgia-isensesolutions.jpeg\"><img loading=\"lazy\" decoding=\"async\" class=\"alignnone wp-image-6504\" src=\"https:\/\/isensesolutions.com\/wp-content\/uploads\/2025\/05\/nostalgia-isensesolutions-650x433.jpeg\" alt=\"\" width=\"300\" height=\"158\" srcset=\"https:\/\/isensesolutions.com\/wp-content\/uploads\/2025\/05\/nostalgia-isensesolutions-768x403.jpeg 768w, https:\/\/isensesolutions.com\/wp-content\/uploads\/2025\/05\/nostalgia-isensesolutions.jpeg 1200w\" sizes=\"auto, (max-width: 300px) 100vw, 300px\"><\/a><a href=\"https:\/\/isensesolutions.com\/wp-content\/uploads\/2025\/03\/MASSIF-Our-Clients-iSenseSolutions.jpeg\"><img loading=\"lazy\" decoding=\"async\" class=\"alignnone wp-image-4243\" src=\"https:\/\/isensesolutions.com\/wp-content\/uploads\/2025\/03\/MASSIF-Our-Clients-iSenseSolutions-650x433.jpeg\" alt=\"\" width=\"300\" height=\"158\" srcset=\"https:\/\/isensesolutions.com\/wp-content\/uploads\/2025\/03\/MASSIF-Our-Clients-iSenseSolutions-768x403.jpeg 768w, https:\/\/isensesolutions.com\/wp-content\/uploads\/2025\/03\/MASSIF-Our-Clients-iSenseSolutions-300x158.jpeg 300w, https:\/\/isensesolutions.com\/wp-content\/uploads\/2025\/03\/MASSIF-Our-Clients-iSenseSolutions-500x263.jpeg 500w, https:\/\/isensesolutions.com\/wp-content\/uploads\/2025\/03\/MASSIF-Our-Clients-iSenseSolutions-750x394.jpeg 750w, https:\/\/isensesolutions.com\/wp-content\/uploads\/2025\/03\/MASSIF-Our-Clients-iSenseSolutions-1000x525.jpeg 1000w, https:\/\/isensesolutions.com\/wp-content\/uploads\/2025\/03\/MASSIF-Our-Clients-iSenseSolutions-1500x788.jpeg 1500w, https:\/\/isensesolutions.com\/wp-content\/uploads\/2025\/03\/MASSIF-Our-Clients-iSenseSolutions.jpeg 1200w\" sizes=\"auto, (max-width: 300px) 100vw, 300px\"><\/a><\/p>\n<\/div><\/div><\/div><div data-accordion data-accordion data-single data-transition=\"400\" data-easing=\"ease\" class=\"ut-accordion-module-item \"><h3 data-control class=\"ut-accordion-module-heading\" data-counter=\"3\">Media<\/h3><div data-content class=\"ut-accordion-module-content\"><div class=\"ut-accordion-module-inner entry-content clearfix\"><p><a href=\"https:\/\/isensesolutions.com\/wp-content\/uploads\/2025\/03\/PRO-TV-Our-Clients-iSenseSolutions.jpeg\"><img loading=\"lazy\" decoding=\"async\" class=\"alignnone wp-image-4140\" src=\"https:\/\/isensesolutions.com\/wp-content\/uploads\/2025\/03\/PRO-TV-Our-Clients-iSenseSolutions-650x433.jpeg\" alt=\"\" width=\"300\" height=\"158\" srcset=\"https:\/\/isensesolutions.com\/wp-content\/uploads\/2025\/03\/PRO-TV-Our-Clients-iSenseSolutions-768x403.jpeg 768w, https:\/\/isensesolutions.com\/wp-content\/uploads\/2025\/03\/PRO-TV-Our-Clients-iSenseSolutions-300x158.jpeg 300w, https:\/\/isensesolutions.com\/wp-content\/uploads\/2025\/03\/PRO-TV-Our-Clients-iSenseSolutions-500x263.jpeg 500w, https:\/\/isensesolutions.com\/wp-content\/uploads\/2025\/03\/PRO-TV-Our-Clients-iSenseSolutions-750x394.jpeg 750w, https:\/\/isensesolutions.com\/wp-content\/uploads\/2025\/03\/PRO-TV-Our-Clients-iSenseSolutions-1000x525.jpeg 1000w, https:\/\/isensesolutions.com\/wp-content\/uploads\/2025\/03\/PRO-TV-Our-Clients-iSenseSolutions-1500x788.jpeg 1500w, https:\/\/isensesolutions.com\/wp-content\/uploads\/2025\/03\/PRO-TV-Our-Clients-iSenseSolutions.jpeg 1200w\" sizes=\"auto, (max-width: 300px) 100vw, 300px\"><\/a><a href=\"https:\/\/isensesolutions.com\/wp-content\/uploads\/2025\/03\/History-Our-Clients-iSenseSolutions.jpeg\"><img loading=\"lazy\" decoding=\"async\" class=\"alignnone wp-image-4129\" src=\"https:\/\/isensesolutions.com\/wp-content\/uploads\/2025\/03\/History-Our-Clients-iSenseSolutions-650x433.jpeg\" alt=\"\" width=\"300\" height=\"158\" srcset=\"https:\/\/isensesolutions.com\/wp-content\/uploads\/2025\/03\/History-Our-Clients-iSenseSolutions-768x403.jpeg 768w, https:\/\/isensesolutions.com\/wp-content\/uploads\/2025\/03\/History-Our-Clients-iSenseSolutions-300x158.jpeg 300w, https:\/\/isensesolutions.com\/wp-content\/uploads\/2025\/03\/History-Our-Clients-iSenseSolutions-500x263.jpeg 500w, https:\/\/isensesolutions.com\/wp-content\/uploads\/2025\/03\/History-Our-Clients-iSenseSolutions-750x394.jpeg 750w, https:\/\/isensesolutions.com\/wp-content\/uploads\/2025\/03\/History-Our-Clients-iSenseSolutions-1000x525.jpeg 1000w, https:\/\/isensesolutions.com\/wp-content\/uploads\/2025\/03\/History-Our-Clients-iSenseSolutions-1500x788.jpeg 1500w, https:\/\/isensesolutions.com\/wp-content\/uploads\/2025\/03\/History-Our-Clients-iSenseSolutions.jpeg 1200w\" sizes=\"auto, (max-width: 300px) 100vw, 300px\"><\/a><\/p>\n<\/div><\/div><\/div><\/div><\/div>[\/vc_column][\/vc_row][\/vc_section]<\/p>\n<\/div>","protected":false},"excerpt":{"rendered":"<p>[vc_section][vc_row][vc_column][vc_row_inner equal_height=&#8221;yes&#8221; content_placement=&#8221;middle&#8221;][vc_column_inner width=&#8221;1\/2&#8243;][vc_column_text]La iSense Solutions, credem c\u0103 colaborarea este cheia pentru a genera schimb\u0103ri semnificative \u00een cercetare, educa\u021bie \u0219i comunicare. Prin construirea unor alian\u021be solide cu institu\u021bii academice, organizatori de evenimente \u0219i parteneri media, ne extindem aria de acoperire, \u00eemp\u0103rt\u0103\u0219im cuno\u0219tin\u021be \u0219i cre\u0103m valoare ad\u0103ugat\u0103 pentru clien\u021bii no\u0219tri \u0219i pentru comunit\u0103\u021bile pe care le [&hellip;]<\/p>\n","protected":false},"author":76,"featured_media":0,"parent":7688,"menu_order":0,"comment_status":"closed","ping_status":"closed","template":"","meta":{"footnotes":""},"class_list":["post-7734","page","type-page","status-publish","hentry"],"_links":{"self":[{"href":"https:\/\/isensesolutions.com\/ro\/wp-json\/wp\/v2\/pages\/7734","targetHints":{"allow":["GET"]}}],"collection":[{"href":"https:\/\/isensesolutions.com\/ro\/wp-json\/wp\/v2\/pages"}],"about":[{"href":"https:\/\/isensesolutions.com\/ro\/wp-json\/wp\/v2\/types\/page"}],"author":[{"embeddable":true,"href":"https:\/\/isensesolutions.com\/ro\/wp-json\/wp\/v2\/users\/76"}],"replies":[{"embeddable":true,"href":"https:\/\/isensesolutions.com\/ro\/wp-json\/wp\/v2\/comments?post=7734"}],"version-history":[{"count":0,"href":"https:\/\/isensesolutions.com\/ro\/wp-json\/wp\/v2\/pages\/7734\/revisions"}],"up":[{"embeddable":true,"href":"https:\/\/isensesolutions.com\/ro\/wp-json\/wp\/v2\/pages\/7688"}],"wp:attachment":[{"href":"https:\/\/isensesolutions.com\/ro\/wp-json\/wp\/v2\/media?parent=7734"}],"curies":[{"name":"wp","href":"https:\/\/api.w.org\/{rel}","templated":true}]}}