{"id":7719,"date":"2025-03-15T00:08:28","date_gmt":"2025-03-14T22:08:28","guid":{"rendered":"https:\/\/isensesolutions.com\/despre-noi\/cariere\/"},"modified":"2025-06-06T14:29:46","modified_gmt":"2025-06-06T11:29:46","slug":"cariere","status":"publish","type":"page","link":"https:\/\/isensesolutions.com\/ro\/despre-noi\/cariere\/","title":{"rendered":"Cariere"},"content":{"rendered":"<div class=\"wpb-content-wrapper\"><p>[vc_section][vc_row][vc_column]<div class=\"wpb_content_element \"><style type=\"text\/css\">#ut_header_69e4e8ebcfbac h2.section-title { font-size:80px !important;line-height:88px !important;letter-spacing:-0.05em; }<\/style><header id=\"ut_header_69e4e8ebcfbac\" class=\"section-header  ut-no-title-linebreak-mobile ut-no-lead-linebreak-mobile pt-style-2 header-center header-tablet-center header-mobile-center element-with-custom-line-height\"><div class=\"element-with-custom-line-height\" ><h2 data-title=\"Cre\u0219te\u021bi cu noi\"  data-responsive-font=\"section_title\" data-responsive-font-settings=\"{&quot;base-font-size&quot;:&quot;global&quot;,&quot;font-size&quot;:{&quot;desktop_large&quot;:&quot;80&quot;},&quot;base-line-height&quot;:&quot;global&quot;,&quot;line-height&quot;:{&quot;desktop_large&quot;:&quot;88&quot;},&quot;base-letter-spacing&quot;:&quot;global&quot;,&quot;letter-spacing&quot;:{&quot;desktop_large&quot;:&quot;-0.05&quot;}}\" class=\"section-title  \"><span>Cre\u0219te\u021bi cu noi<\/span><\/h2><\/div><div data-delay=\"0\" class=\"lead \"><p>La iSense Solutions, credem c\u0103 un loc de munc\u0103 excelent este construit pe inova\u021bie, colaborare \u0219i mult\u0103 distrac\u021bie!<\/p>\n<\/div><\/header><\/div>[vc_column_text]<\/p>\n<p class=\"p1\" style=\"text-align: center;\">Suntem o agen\u021bie de cercetare modern\u0103, aflat\u0103 \u00eentr-o cre\u0219tere rapid\u0103, care colaboreaz\u0103 cu peste 300 de clien\u021bi \u0219i \u00eempinge constant limitele cercet\u0103rii de pia\u021b\u0103.<br \/>\nC\u0103ut\u0103m mereu oameni pasiona\u021bi, curio\u0219i \u0219i creativi s\u0103 ni se al\u0103ture. Indiferent dac\u0103 e\u0219ti la \u00eenceput de carier\u0103 sau vrei s\u0103 faci urm\u0103torul pas important, la noi vei g\u0103si numeroase oportunit\u0103\u021bi de a \u00eenv\u0103\u021ba, de a te dezvolta \u0219i de a evolua.<\/p>\n<p>&nbsp;<\/p>\n<h3 class=\"p1\" style=\"text-align: center;\">De ce s\u0103 alegi iSense Solutions?<\/h3>\n<p class=\"my-0\"><strong>O echip\u0103 prietenoas\u0103 \u0219i plin\u0103 de energie<\/strong><br \/>\nAl\u0103tur\u0103-te unui mediu cool \u0219i primitor, unde colaborarea, creativitatea \u0219i atitudinea pozitiv\u0103 fac parte din rutina zilnic\u0103.<\/p>\n<p class=\"my-0\"><strong>Dezvoltare profesional\u0103 axat\u0103 pe inova\u021bie<\/strong><\/p>\n<ul class=\"marker:text-textOff list-disc\">\n<li>\n<p class=\"my-0\">Dezvoltare continu\u0103 prin programul de traininguri iSense Academy<\/p>\n<\/li>\n<li>\n<p class=\"my-0\">Participare la conferin\u021be pentru a fi mereu la curent cu tendin\u021bele din industrie<\/p>\n<\/li>\n<li>\n<p class=\"my-0\">Plan de carier\u0103 structurat, cu dou\u0103 evalu\u0103ri anuale pentru a-\u021bi sus\u021bine progresul<\/p>\n<\/li>\n<\/ul>\n<p class=\"my-0\"><strong>Flexibilitate \u0219i echilibru \u00eentre via\u021ba profesional\u0103 \u0219i cea personal\u0103<\/strong><\/p>\n<ul class=\"marker:text-textOff list-disc\">\n<li>\n<p class=\"my-0\">Program de lucru flexibil, adaptat nevoilor tale<\/p>\n<\/li>\n<li>\n<p class=\"my-0\">Posibilitatea de a lucra de acas\u0103<\/p>\n<\/li>\n<\/ul>\n<p class=\"my-0\"><strong>S\u0103n\u0103tate \u0219i stare de bine<\/strong><\/p>\n<ul class=\"marker:text-textOff list-disc\">\n<li>\n<p class=\"my-0\">Abonament la o clinic\u0103 medical\u0103 privat\u0103, pentru lini\u0219tea ta<\/p>\n<\/li>\n<li>\n<p class=\"my-0\">Gust\u0103ri gratuite, ca s\u0103 ai energie pe tot parcursul zilei<\/p>\n<\/li>\n<li>\n<p class=\"my-0\">Programul Personal Development Forum, pentru a-\u021bi sus\u021bine starea de bine \u0219i dezvoltarea personal\u0103<\/p>\n<\/li>\n<\/ul>\n<p class=\"my-0\"><strong>S\u0103rb\u0103tore\u0219te-\u021bi parcursul al\u0103turi de noi<\/strong><\/p>\n<ul class=\"marker:text-textOff list-disc\">\n<li>\n<p class=\"my-0\">Bonusuri de performan\u021b\u0103 \u0219i pentru volumul de munc\u0103<\/p>\n<\/li>\n<li>\n<p class=\"my-0\">Bonusuri speciale pentru aniversarea \u00een companie, ziua de na\u0219tere, Pa\u0219te, Cr\u0103ciun \u0219i alte ocazii<\/p>\n<\/li>\n<li>\n<p class=\"my-0\">Zile de concediu suplimentare pentru fiecare an petrecut al\u0103turi de noi<\/p>\n<\/li>\n<li>\n<p class=\"my-0\">Teambuilding-uri la mare \u0219i la munte, plus petreceri pentru a s\u0103rb\u0103tori realiz\u0103rile noastre<\/p>\n<\/li>\n<\/ul>\n<p class=\"my-0\">Dac\u0103 sim\u021bi c\u0103 ni te potrive\u0219ti, spune-ne \u201eBun\u0103!\u201d \u0219i trimite-ne CV-ul t\u0103u la:\u00a0<strong><a class=\"break-word hover:text-super hover:decoration-super dark:hover:text-superDark dark:hover:decoration-superDark underline decoration-from-font underline-offset-1 transition-all duration-300\" href=\"mailto:hr@isensesolutions.com\" target=\"_blank\" rel=\"nofollow noopener\">hr@isensesolutions.com<\/a><\/strong><\/p>\n<p class=\"my-0\">Vezi mai jos posturile disponibile:<\/p>\n<p>[\/vc_column_text]<div class=\"wpb_content_element  \">\t<div class=\"awsm-job-wrap\">\n\n\t\t<div class=\"awsm-filter-wrap awsm-no-search-filter-wrap\"><form action=\"https:\/\/isensesolutions.com\/wp-admin\/admin-ajax.php\" method=\"POST\"><a href=\"#\" class=\"awsm-filter-toggle\" role=\"button\" aria-pressed=\"false\"><span class=\"awsm-filter-toggle-text-wrapper\">Filter by<\/span><svg width=\"100\" height=\"100\" viewBox=\"0 0 100 100\" xmlns=\"http:\/\/www.w3.org\/2000\/svg\" version=\"1.1\" preserveAspectRatio=\"xMinYMin\"><path xmlns=\"http:\/\/www.w3.org\/2000\/svg\" fill=\"rgb(9.803922%,9.803922%,9.803922%)\" d=\"M 36.417969 19.9375 L 36.417969 17.265625 C 36.417969 16.160156 35.523438 15.265625 34.417969 15.265625 L 21.578125 15.265625 C 20.476562 15.265625 19.578125 16.160156 19.578125 17.265625 L 19.578125 19.9375 L 11 19.9375 L 11 26.9375 L 19.578125 26.9375 L 19.578125 30.105469 C 19.578125 31.210938 20.476562 32.105469 21.578125 32.105469 L 34.417969 32.105469 C 35.523438 32.105469 36.417969 31.210938 36.417969 30.105469 L 36.417969 26.9375 L 89 26.9375 L 89 19.9375 Z M 58.421875 43.578125 C 58.421875 42.476562 57.527344 41.578125 56.421875 41.578125 L 43.582031 41.578125 C 42.480469 41.578125 41.582031 42.476562 41.582031 43.578125 L 41.582031 46.5 L 11 46.5 L 11 53.5 L 41.582031 53.5 L 41.582031 56.421875 C 41.582031 57.527344 42.480469 58.421875 43.582031 58.421875 L 56.421875 58.421875 C 57.527344 58.421875 58.421875 57.527344 58.421875 56.421875 L 58.421875 53.5 L 89 53.5 L 89 46.5 L 58.421875 46.5 Z M 80.417969 70.140625 C 80.417969 69.035156 79.523438 68.140625 78.417969 68.140625 L 65.578125 68.140625 C 64.476562 68.140625 63.578125 69.035156 63.578125 70.140625 L 63.578125 73.0625 L 11 73.0625 L 11 80.0625 L 63.578125 80.0625 L 63.578125 82.984375 C 63.578125 84.085938 64.476562 84.984375 65.578125 84.984375 L 78.417969 84.984375 C 79.523438 84.984375 80.417969 84.085938 80.417969 82.984375 L 80.417969 80.0625 L 89 80.0625 L 89 73.0625 L 80.417969 73.0625 Z M 80.417969 70.140625\"\/><\/svg><\/a><div class=\"awsm-filter-items\"><div class=\"awsm-filter-item\" data-filter=\"job__category_spec\"><label for=\"awsm-job-category-filter-option-1\" class=\"awsm-sr-only\">All Job Category<\/label><select name=\"awsm_job_spec[job-category]\" class=\"awsm-filter-option awsm-job-category-filter-option\" id=\"awsm-job-category-filter-option-1\" aria-label=\"All Job Category\"><option value=\"\">All Job Category<\/option><option value=\"207\" data-slug=\"cercetare\">Cercetare<\/option><\/select><\/div><div class=\"awsm-filter-item\" data-filter=\"job__type_spec\"><label for=\"awsm-job-type-filter-option-1\" class=\"awsm-sr-only\">All Job Type<\/label><select name=\"awsm_job_spec[job-type]\" class=\"awsm-filter-option awsm-job-type-filter-option\" id=\"awsm-job-type-filter-option-1\" aria-label=\"All Job Type\"><option value=\"\">All Job Type<\/option><option value=\"205\" data-slug=\"cu-norma-intreaga\">Cu norm\u0103 \u00eentreag\u0103<\/option><\/select><\/div><div class=\"awsm-filter-item\" data-filter=\"job__location_spec\"><label for=\"awsm-job-location-filter-option-1\" class=\"awsm-sr-only\">All Job Location<\/label><select name=\"awsm_job_spec[job-location]\" class=\"awsm-filter-option awsm-job-location-filter-option\" id=\"awsm-job-location-filter-option-1\" aria-label=\"All Job Location\"><option value=\"\">All Job Location<\/option><option value=\"204\" data-slug=\"bucuresti\">Bucure\u0219ti<\/option><\/select><\/div><\/div><input type=\"hidden\" name=\"lang\" value=\"ro\"><input type=\"hidden\" name=\"action\" value=\"jobfilter\"><\/form><\/div>\n\t\t<div class=\"awsm-job-listings awsm-row awsm-grid-col-3\" data-listings=\"10\" data-lang=\"ro\">\n\t\t\t\t\t<div class=\"awsm-job-listing-item awsm-grid-item\" id=\"awsm-grid-item-8759\">\t\t<a href=\"https:\/\/isensesolutions.com\/ro\/job-openings\/executive-qualitative-researcher\/\" class=\"awsm-job-item\">\t\t\t<div class=\"awsm-grid-left-col\">\n\t\t\t\t\n\t\t\t\t\n\t\t\t\t<h2 class=\"awsm-job-post-title\">\n\t\t\t\t\tExecutive Qualitative Researcher\t\t\t\t<\/h2>\n\n\t\t\t\t\t\t\t<\/div>\n\n\t\t\t<div class=\"awsm-grid-right-col\">\n\t\t\t\t<div class=\"awsm-job-specification-wrapper\"><div class=\"awsm-job-specification-item awsm-job-specification-job-category\"><span class=\"awsm-job-specification-term\">Cercetare<\/span> <\/div><div class=\"awsm-job-specification-item awsm-job-specification-job-location\"><span class=\"awsm-job-specification-term\">Bucure\u0219ti<\/span> <\/div><\/div><div class=\"awsm-job-more-container\"><span class=\"awsm-job-more\">More Details <span><\/span><\/span><\/div>\t\t\t<\/div>\n\t\t<\/a>\t<\/div><div class=\"awsm-job-listing-item awsm-grid-item\" id=\"awsm-grid-item-7796\">\t\t<a href=\"https:\/\/isensesolutions.com\/ro\/job-openings\/executive-quantitative-researcher\/\" class=\"awsm-job-item\">\t\t\t<div class=\"awsm-grid-left-col\">\n\t\t\t\t\n\t\t\t\t\n\t\t\t\t<h2 class=\"awsm-job-post-title\">\n\t\t\t\t\tExecutive Quantitative Researcher\t\t\t\t<\/h2>\n\n\t\t\t\t\t\t\t<\/div>\n\n\t\t\t<div class=\"awsm-grid-right-col\">\n\t\t\t\t<div class=\"awsm-job-specification-wrapper\"><div class=\"awsm-job-specification-item awsm-job-specification-job-location\"><span class=\"awsm-job-specification-term\">Bucure\u0219ti<\/span> <\/div><\/div><div class=\"awsm-job-more-container\"><span class=\"awsm-job-more\">More Details <span><\/span><\/span><\/div>\t\t\t<\/div>\n\t\t<\/a>\t<\/div><div class=\"awsm-job-listing-item awsm-grid-item\" id=\"awsm-grid-item-7797\">\t\t<a href=\"https:\/\/isensesolutions.com\/ro\/job-openings\/senior-quantitative-researcher\/\" class=\"awsm-job-item\">\t\t\t<div class=\"awsm-grid-left-col\">\n\t\t\t\t\n\t\t\t\t\n\t\t\t\t<h2 class=\"awsm-job-post-title\">\n\t\t\t\t\tSenior Quantitative Researcher\t\t\t\t<\/h2>\n\n\t\t\t\t\t\t\t<\/div>\n\n\t\t\t<div class=\"awsm-grid-right-col\">\n\t\t\t\t<div class=\"awsm-job-specification-wrapper\"><div class=\"awsm-job-specification-item awsm-job-specification-job-location\"><span class=\"awsm-job-specification-term\">Bucure\u0219ti<\/span> <\/div><\/div><div class=\"awsm-job-more-container\"><span class=\"awsm-job-more\">More Details <span><\/span><\/span><\/div>\t\t\t<\/div>\n\t\t<\/a>\t<\/div><div class=\"awsm-job-listing-item awsm-grid-item\" id=\"awsm-grid-item-8758\">\t\t<a href=\"https:\/\/isensesolutions.com\/ro\/job-openings\/senior-qualitative-researcher\/\" class=\"awsm-job-item\">\t\t\t<div class=\"awsm-grid-left-col\">\n\t\t\t\t\n\t\t\t\t\n\t\t\t\t<h2 class=\"awsm-job-post-title\">\n\t\t\t\t\tSenior Qualitative Researcher\t\t\t\t<\/h2>\n\n\t\t\t\t\t\t\t<\/div>\n\n\t\t\t<div class=\"awsm-grid-right-col\">\n\t\t\t\t<div class=\"awsm-job-specification-wrapper\"><div class=\"awsm-job-specification-item awsm-job-specification-job-category\"><span class=\"awsm-job-specification-term\">Cercetare<\/span> <\/div><div class=\"awsm-job-specification-item awsm-job-specification-job-location\"><span class=\"awsm-job-specification-term\">Bucure\u0219ti<\/span> <\/div><\/div><div class=\"awsm-job-more-container\"><span class=\"awsm-job-more\">More Details <span><\/span><\/span><\/div>\t\t\t<\/div>\n\t\t<\/a>\t<\/div>\t\t\t\t<\/div>\n\t<\/div>\n<\/div>[\/vc_column][\/vc_row][\/vc_section]<\/p>\n<\/div>","protected":false},"excerpt":{"rendered":"<p>[vc_section][vc_row][vc_column][vc_column_text] Suntem o agen\u021bie de cercetare modern\u0103, aflat\u0103 \u00eentr-o cre\u0219tere rapid\u0103, care colaboreaz\u0103 cu peste 300 de clien\u021bi \u0219i \u00eempinge constant limitele cercet\u0103rii de pia\u021b\u0103. C\u0103ut\u0103m mereu oameni pasiona\u021bi, curio\u0219i \u0219i creativi s\u0103 ni se al\u0103ture. Indiferent dac\u0103 e\u0219ti la \u00eenceput de carier\u0103 sau vrei s\u0103 faci urm\u0103torul pas important, la noi vei g\u0103si numeroase [&hellip;]<\/p>\n","protected":false},"author":76,"featured_media":0,"parent":7688,"menu_order":1,"comment_status":"closed","ping_status":"closed","template":"","meta":{"footnotes":""},"class_list":["post-7719","page","type-page","status-publish","hentry"],"_links":{"self":[{"href":"https:\/\/isensesolutions.com\/ro\/wp-json\/wp\/v2\/pages\/7719","targetHints":{"allow":["GET"]}}],"collection":[{"href":"https:\/\/isensesolutions.com\/ro\/wp-json\/wp\/v2\/pages"}],"about":[{"href":"https:\/\/isensesolutions.com\/ro\/wp-json\/wp\/v2\/types\/page"}],"author":[{"embeddable":true,"href":"https:\/\/isensesolutions.com\/ro\/wp-json\/wp\/v2\/users\/76"}],"replies":[{"embeddable":true,"href":"https:\/\/isensesolutions.com\/ro\/wp-json\/wp\/v2\/comments?post=7719"}],"version-history":[{"count":0,"href":"https:\/\/isensesolutions.com\/ro\/wp-json\/wp\/v2\/pages\/7719\/revisions"}],"up":[{"embeddable":true,"href":"https:\/\/isensesolutions.com\/ro\/wp-json\/wp\/v2\/pages\/7688"}],"wp:attachment":[{"href":"https:\/\/isensesolutions.com\/ro\/wp-json\/wp\/v2\/media?parent=7719"}],"curies":[{"name":"wp","href":"https:\/\/api.w.org\/{rel}","templated":true}]}}